{"id":163,"date":"2023-11-06T13:34:15","date_gmt":"2023-11-06T13:34:15","guid":{"rendered":"https:\/\/env-beyondsoftconsultinginc-development.kinsta.cloud\/?page_id=163"},"modified":"2025-07-17T20:30:45","modified_gmt":"2025-07-17T20:30:45","slug":"o-que-fazemos","status":"publish","type":"page","link":"https:\/\/www.beyondsoft.com\/br\/o-que-fazemos\/","title":{"rendered":"O que n\u00f3s fazemos"},"content":{"rendered":"","protected":false},"excerpt":{"rendered":"","protected":false},"author":61,"featured_media":0,"parent":0,"menu_order":0,"comment_status":"closed","ping_status":"closed","template":"","meta":{"footnotes":""},"class_list":["post-163","page","type-page","status-publish","hentry"],"yoast_head":"<!-- This site is optimized with the Yoast SEO plugin v27.2 - https:\/\/yoast.com\/product\/yoast-seo-wordpress\/ -->\n<title>O que n\u00f3s fazemos - Beyondsoft Brasil<\/title>\n<meta name=\"description\" content=\"O que n\u00f3s fazemos Nossos fatores de sucesso ao longo dos anos s\u00e3o uma prova de que impulsionamos o retorno do investimento. Singapura \u00e9 a nossa sede global e temos 15 escrit\u00f3rios regionais em todo o mundo.\" \/>\n<meta name=\"robots\" content=\"index, follow, max-snippet:-1, max-image-preview:large, max-video-preview:-1\" \/>\n<link rel=\"canonical\" href=\"https:\/\/www.beyondsoft.com\/br\/o-que-fazemos\/\" \/>\n<meta property=\"og:locale\" content=\"pt_BR\" \/>\n<meta property=\"og:type\" content=\"article\" \/>\n<meta property=\"og:title\" content=\"O que n\u00f3s fazemos - Beyondsoft Brasil\" \/>\n<meta property=\"og:description\" content=\"O que n\u00f3s fazemos Nossos fatores de sucesso ao longo dos anos s\u00e3o uma prova de que impulsionamos o retorno do investimento. Singapura \u00e9 a nossa sede global e temos 15 escrit\u00f3rios regionais em todo o mundo.\" \/>\n<meta property=\"og:url\" content=\"https:\/\/www.beyondsoft.com\/br\/o-que-fazemos\/\" \/>\n<meta property=\"og:site_name\" content=\"Beyondsoft Brasil\" \/>\n<meta property=\"article:modified_time\" content=\"2025-07-17T20:30:45+00:00\" \/>\n<meta name=\"twitter:card\" content=\"summary_large_image\" \/>\n<script type=\"application\/ld+json\" class=\"yoast-schema-graph\">{\"@context\":\"https:\/\/schema.org\",\"@graph\":[{\"@type\":\"WebPage\",\"@id\":\"https:\/\/www.beyondsoft.com\/br\/o-que-fazemos\/\",\"url\":\"https:\/\/www.beyondsoft.com\/br\/o-que-fazemos\/\",\"name\":\"O que n\u00f3s fazemos - Beyondsoft Brasil\",\"isPartOf\":{\"@id\":\"https:\/\/www.beyondsoft.com\/br\/#website\"},\"datePublished\":\"2023-11-06T13:34:15+00:00\",\"dateModified\":\"2025-07-17T20:30:45+00:00\",\"description\":\"O que n\u00f3s fazemos Nossos fatores de sucesso ao longo dos anos s\u00e3o uma prova de que impulsionamos o retorno do investimento. Singapura \u00e9 a nossa sede global e temos 15 escrit\u00f3rios regionais em todo o mundo.\",\"breadcrumb\":{\"@id\":\"https:\/\/www.beyondsoft.com\/br\/o-que-fazemos\/#breadcrumb\"},\"inLanguage\":\"pt-BR\",\"potentialAction\":[{\"@type\":\"ReadAction\",\"target\":[\"https:\/\/www.beyondsoft.com\/br\/o-que-fazemos\/\"]}]},{\"@type\":\"BreadcrumbList\",\"@id\":\"https:\/\/www.beyondsoft.com\/br\/o-que-fazemos\/#breadcrumb\",\"itemListElement\":[{\"@type\":\"ListItem\",\"position\":1,\"name\":\"In\u00edcio\",\"item\":\"https:\/\/www.beyondsoft.com\/br\/\"},{\"@type\":\"ListItem\",\"position\":2,\"name\":\"O que n\u00f3s fazemos\"}]},{\"@type\":\"WebSite\",\"@id\":\"https:\/\/www.beyondsoft.com\/br\/#website\",\"url\":\"https:\/\/www.beyondsoft.com\/br\/\",\"name\":\"Beyondsoft Brasil\",\"description\":\"Beyond your expectations\",\"publisher\":{\"@id\":\"https:\/\/www.beyondsoft.com\/br\/#organization\"},\"potentialAction\":[{\"@type\":\"SearchAction\",\"target\":{\"@type\":\"EntryPoint\",\"urlTemplate\":\"https:\/\/www.beyondsoft.com\/br\/?s={search_term_string}\"},\"query-input\":{\"@type\":\"PropertyValueSpecification\",\"valueRequired\":true,\"valueName\":\"search_term_string\"}}],\"inLanguage\":\"pt-BR\"},{\"@type\":\"Organization\",\"@id\":\"https:\/\/www.beyondsoft.com\/br\/#organization\",\"name\":\"Beyondsoft Brasil\",\"url\":\"https:\/\/www.beyondsoft.com\/br\/\",\"logo\":{\"@type\":\"ImageObject\",\"inLanguage\":\"pt-BR\",\"@id\":\"https:\/\/www.beyondsoft.com\/br\/#\/schema\/logo\/image\/\",\"url\":\"https:\/\/www.beyondsoft.com\/br\/wp-content\/uploads\/sites\/5\/2024\/03\/cropped-bci-logo.png\",\"contentUrl\":\"https:\/\/www.beyondsoft.com\/br\/wp-content\/uploads\/sites\/5\/2024\/03\/cropped-bci-logo.png\",\"width\":758,\"height\":200,\"caption\":\"Beyondsoft Brasil\"},\"image\":{\"@id\":\"https:\/\/www.beyondsoft.com\/br\/#\/schema\/logo\/image\/\"},\"sameAs\":[\"https:\/\/www.linkedin.com\/company\/beyondsoftbrasil\"]}]}<\/script>\n<!-- \/ Yoast SEO plugin. -->","yoast_head_json":{"title":"O que n\u00f3s fazemos - Beyondsoft Brasil","description":"O que n\u00f3s fazemos Nossos fatores de sucesso ao longo dos anos s\u00e3o uma prova de que impulsionamos o retorno do investimento. Singapura \u00e9 a nossa sede global e temos 15 escrit\u00f3rios regionais em todo o mundo.","robots":{"index":"index","follow":"follow","max-snippet":"max-snippet:-1","max-image-preview":"max-image-preview:large","max-video-preview":"max-video-preview:-1"},"canonical":"https:\/\/www.beyondsoft.com\/br\/o-que-fazemos\/","og_locale":"pt_BR","og_type":"article","og_title":"O que n\u00f3s fazemos - Beyondsoft Brasil","og_description":"O que n\u00f3s fazemos Nossos fatores de sucesso ao longo dos anos s\u00e3o uma prova de que impulsionamos o retorno do investimento. Singapura \u00e9 a nossa sede global e temos 15 escrit\u00f3rios regionais em todo o mundo.","og_url":"https:\/\/www.beyondsoft.com\/br\/o-que-fazemos\/","og_site_name":"Beyondsoft Brasil","article_modified_time":"2025-07-17T20:30:45+00:00","twitter_card":"summary_large_image","schema":{"@context":"https:\/\/schema.org","@graph":[{"@type":"WebPage","@id":"https:\/\/www.beyondsoft.com\/br\/o-que-fazemos\/","url":"https:\/\/www.beyondsoft.com\/br\/o-que-fazemos\/","name":"O que n\u00f3s fazemos - Beyondsoft Brasil","isPartOf":{"@id":"https:\/\/www.beyondsoft.com\/br\/#website"},"datePublished":"2023-11-06T13:34:15+00:00","dateModified":"2025-07-17T20:30:45+00:00","description":"O que n\u00f3s fazemos Nossos fatores de sucesso ao longo dos anos s\u00e3o uma prova de que impulsionamos o retorno do investimento. Singapura \u00e9 a nossa sede global e temos 15 escrit\u00f3rios regionais em todo o mundo.","breadcrumb":{"@id":"https:\/\/www.beyondsoft.com\/br\/o-que-fazemos\/#breadcrumb"},"inLanguage":"pt-BR","potentialAction":[{"@type":"ReadAction","target":["https:\/\/www.beyondsoft.com\/br\/o-que-fazemos\/"]}]},{"@type":"BreadcrumbList","@id":"https:\/\/www.beyondsoft.com\/br\/o-que-fazemos\/#breadcrumb","itemListElement":[{"@type":"ListItem","position":1,"name":"In\u00edcio","item":"https:\/\/www.beyondsoft.com\/br\/"},{"@type":"ListItem","position":2,"name":"O que n\u00f3s fazemos"}]},{"@type":"WebSite","@id":"https:\/\/www.beyondsoft.com\/br\/#website","url":"https:\/\/www.beyondsoft.com\/br\/","name":"Beyondsoft Brasil","description":"Beyond your expectations","publisher":{"@id":"https:\/\/www.beyondsoft.com\/br\/#organization"},"potentialAction":[{"@type":"SearchAction","target":{"@type":"EntryPoint","urlTemplate":"https:\/\/www.beyondsoft.com\/br\/?s={search_term_string}"},"query-input":{"@type":"PropertyValueSpecification","valueRequired":true,"valueName":"search_term_string"}}],"inLanguage":"pt-BR"},{"@type":"Organization","@id":"https:\/\/www.beyondsoft.com\/br\/#organization","name":"Beyondsoft Brasil","url":"https:\/\/www.beyondsoft.com\/br\/","logo":{"@type":"ImageObject","inLanguage":"pt-BR","@id":"https:\/\/www.beyondsoft.com\/br\/#\/schema\/logo\/image\/","url":"https:\/\/www.beyondsoft.com\/br\/wp-content\/uploads\/sites\/5\/2024\/03\/cropped-bci-logo.png","contentUrl":"https:\/\/www.beyondsoft.com\/br\/wp-content\/uploads\/sites\/5\/2024\/03\/cropped-bci-logo.png","width":758,"height":200,"caption":"Beyondsoft Brasil"},"image":{"@id":"https:\/\/www.beyondsoft.com\/br\/#\/schema\/logo\/image\/"},"sameAs":["https:\/\/www.linkedin.com\/company\/beyondsoftbrasil"]}]}},"_links":{"self":[{"href":"https:\/\/www.beyondsoft.com\/br\/wp-json\/wp\/v2\/pages\/163","targetHints":{"allow":["GET"]}}],"collection":[{"href":"https:\/\/www.beyondsoft.com\/br\/wp-json\/wp\/v2\/pages"}],"about":[{"href":"https:\/\/www.beyondsoft.com\/br\/wp-json\/wp\/v2\/types\/page"}],"author":[{"embeddable":true,"href":"https:\/\/www.beyondsoft.com\/br\/wp-json\/wp\/v2\/users\/61"}],"replies":[{"embeddable":true,"href":"https:\/\/www.beyondsoft.com\/br\/wp-json\/wp\/v2\/comments?post=163"}],"version-history":[{"count":1,"href":"https:\/\/www.beyondsoft.com\/br\/wp-json\/wp\/v2\/pages\/163\/revisions"}],"predecessor-version":[{"id":967,"href":"https:\/\/www.beyondsoft.com\/br\/wp-json\/wp\/v2\/pages\/163\/revisions\/967"}],"wp:attachment":[{"href":"https:\/\/www.beyondsoft.com\/br\/wp-json\/wp\/v2\/media?parent=163"}],"curies":[{"name":"wp","href":"https:\/\/api.w.org\/{rel}","templated":true}]}}