{"id":165,"date":"2023-11-06T13:34:50","date_gmt":"2023-11-06T13:34:50","guid":{"rendered":"https:\/\/env-beyondsoftconsultinginc-development.kinsta.cloud\/?page_id=165"},"modified":"2026-03-25T15:16:45","modified_gmt":"2026-03-25T15:16:45","slug":"servicos","status":"publish","type":"page","link":"https:\/\/www.beyondsoft.com\/br\/o-que-fazemos\/servicos\/","title":{"rendered":"Servi\u00e7os"},"content":{"rendered":"\n<div class=\"wp-block-group services\"><div class=\"wp-block-group__inner-container is-layout-constrained wp-block-group-is-layout-constrained\">\n<div class=\"wp-block-media-text has-media-on-the-right is-vertically-aligned-top custom\"><div class=\"wp-block-media-text__content\">\n<h2 class=\"wp-block-heading has-text-align-right\">Ado\u00e7\u00e3o e transforma\u00e7\u00e3o da nuvem<\/h2>\n\n\n\n<p class=\"has-text-align-right has-medium-font-size\">Suporte especializado abrangente em todos os n\u00edveis<\/p>\n\n\n\n<div class=\"wp-block-buttons is-content-justification-right is-layout-flex wp-container-core-buttons-is-layout-765c4724 wp-block-buttons-is-layout-flex\">\n<div class=\"wp-block-button\"><a class=\"wp-block-button__link has-blue-background-color has-background wp-element-button\" href=\"https:\/\/www.beyondsoft.com\/br\/what-we-do\/services\/cloud-adoption-and-transformation\/\">Saiba mais<\/a><\/div>\n<\/div>\n<\/div><figure class=\"wp-block-media-text__media\"><img loading=\"lazy\" decoding=\"async\" width=\"640\" height=\"450\" src=\"https:\/\/www.beyondsoft.com\/br\/wp-content\/uploads\/sites\/5\/2026\/03\/service1.jpg\" alt=\"\" class=\"wp-image-1046053 size-full\" srcset=\"https:\/\/www.beyondsoft.com\/br\/wp-content\/uploads\/sites\/5\/2026\/03\/service1.jpg 640w, https:\/\/www.beyondsoft.com\/br\/wp-content\/uploads\/sites\/5\/2026\/03\/service1-300x211.jpg 300w, https:\/\/www.beyondsoft.com\/br\/wp-content\/uploads\/sites\/5\/2026\/03\/service1-290x204.jpg 290w\" sizes=\"auto, (max-width: 640px) 100vw, 640px\" \/><\/figure><\/div>\n\n\n\n<div class=\"wp-block-group alignfull has-blue-2-background-color has-background\"><div class=\"wp-block-group__inner-container is-layout-constrained wp-block-group-is-layout-constrained\">\n<div class=\"wp-block-group\"><div class=\"wp-block-group__inner-container is-layout-constrained wp-block-group-is-layout-constrained\">\n<div class=\"wp-block-media-text is-vertically-aligned-top custom has-white-color has-text-color\"><figure class=\"wp-block-media-text__media\"><img loading=\"lazy\" decoding=\"async\" width=\"640\" height=\"450\" src=\"https:\/\/www.beyondsoft.com\/br\/wp-content\/uploads\/sites\/5\/2026\/03\/service2.jpg\" alt=\"\" class=\"wp-image-1046052 size-full\" srcset=\"https:\/\/www.beyondsoft.com\/br\/wp-content\/uploads\/sites\/5\/2026\/03\/service2.jpg 640w, https:\/\/www.beyondsoft.com\/br\/wp-content\/uploads\/sites\/5\/2026\/03\/service2-300x211.jpg 300w, https:\/\/www.beyondsoft.com\/br\/wp-content\/uploads\/sites\/5\/2026\/03\/service2-290x204.jpg 290w\" sizes=\"auto, (max-width: 640px) 100vw, 640px\" \/><\/figure><div class=\"wp-block-media-text__content\">\n<h2 class=\"wp-block-heading has-text-align-left\">Moderniza\u00e7\u00e3o de dados e IA<\/h2>\n\n\n\n<p class=\"has-text-align-left has-medium-font-size\">Uma experi\u00eancia perfeita que re\u00fane todos os seus dados<\/p>\n\n\n\n<div class=\"wp-block-buttons is-content-justification-left is-layout-flex wp-container-core-buttons-is-layout-fdcfc74e wp-block-buttons-is-layout-flex\">\n<div class=\"wp-block-button\"><a class=\"wp-block-button__link has-blue-background-color has-background has-text-align-left wp-element-button\" href=\"https:\/\/www.beyondsoft.com\/br\/what-we-do\/services\/data-and-ai-modernization\/\">Saiba mais<\/a><\/div>\n<\/div>\n<\/div><\/div>\n\n\n\n<div class=\"wp-block-media-text has-media-on-the-right is-vertically-aligned-top custom has-white-color has-text-color\"><div class=\"wp-block-media-text__content\">\n<h2 class=\"wp-block-heading has-text-align-right\">Opera\u00e7\u00f5es seguras e \u00e1geis<\/h2>\n\n\n\n<p class=\"has-text-align-right has-medium-font-size\">Uma estrutura de teste de QA e DevOps modernizada com prote\u00e7\u00e3o fim a fim<\/p>\n\n\n\n<div class=\"wp-block-buttons is-content-justification-right is-layout-flex wp-container-core-buttons-is-layout-765c4724 wp-block-buttons-is-layout-flex\">\n<div class=\"wp-block-button\"><a class=\"wp-block-button__link has-blue-background-color has-background wp-element-button\" href=\"https:\/\/www.beyondsoft.com\/br\/what-we-do\/services\/agile-operations-and-security\/\">Saiba mais<\/a><\/div>\n<\/div>\n<\/div><figure class=\"wp-block-media-text__media\"><img loading=\"lazy\" decoding=\"async\" width=\"640\" height=\"450\" src=\"https:\/\/www.beyondsoft.com\/br\/wp-content\/uploads\/sites\/5\/2026\/03\/service3.jpg\" alt=\"\" class=\"wp-image-1046051 size-full\" srcset=\"https:\/\/www.beyondsoft.com\/br\/wp-content\/uploads\/sites\/5\/2026\/03\/service3.jpg 640w, https:\/\/www.beyondsoft.com\/br\/wp-content\/uploads\/sites\/5\/2026\/03\/service3-300x211.jpg 300w, https:\/\/www.beyondsoft.com\/br\/wp-content\/uploads\/sites\/5\/2026\/03\/service3-290x204.jpg 290w\" sizes=\"auto, (max-width: 640px) 100vw, 640px\" \/><\/figure><\/div>\n\n\n\n<div class=\"wp-block-media-text is-vertically-aligned-top custom has-white-color has-text-color\"><figure class=\"wp-block-media-text__media\"><img loading=\"lazy\" decoding=\"async\" width=\"640\" height=\"450\" src=\"https:\/\/www.beyondsoft.com\/br\/wp-content\/uploads\/sites\/5\/2026\/03\/service4.jpg\" alt=\"\" class=\"wp-image-1046050 size-full\" srcset=\"https:\/\/www.beyondsoft.com\/br\/wp-content\/uploads\/sites\/5\/2026\/03\/service4.jpg 640w, https:\/\/www.beyondsoft.com\/br\/wp-content\/uploads\/sites\/5\/2026\/03\/service4-300x211.jpg 300w, https:\/\/www.beyondsoft.com\/br\/wp-content\/uploads\/sites\/5\/2026\/03\/service4-290x204.jpg 290w\" sizes=\"auto, (max-width: 640px) 100vw, 640px\" \/><\/figure><div class=\"wp-block-media-text__content\">\n<h2 class=\"wp-block-heading has-text-align-left\">Gest\u00e3o de processos de neg\u00f3cio<\/h2>\n\n\n\n<p class=\"has-text-align-left has-medium-font-size\">Melhorar a tomada de decis\u00f5es para prosperar em um mercado em constante evolu\u00e7\u00e3o.<\/p>\n\n\n\n<div class=\"wp-block-buttons is-content-justification-left is-layout-flex wp-container-core-buttons-is-layout-fdcfc74e wp-block-buttons-is-layout-flex\">\n<div class=\"wp-block-button\"><a class=\"wp-block-button__link has-blue-background-color has-background wp-element-button\" href=\"https:\/\/www.beyondsoft.com\/br\/what-we-do\/services\/business-process-management\/\">Saiba mais<\/a><\/div>\n<\/div>\n<\/div><\/div>\n<\/div><\/div>\n<\/div><\/div>\n<\/div><\/div>\n\n\n","protected":false},"excerpt":{"rendered":"<p>Ado\u00e7\u00e3o e transforma\u00e7\u00e3o da nuvem Suporte especializado abrangente em todos os n\u00edveis Moderniza\u00e7\u00e3o de dados e IA Uma experi\u00eancia perfeita que re\u00fane todos os seus dados Opera\u00e7\u00f5es seguras e \u00e1geis Uma estrutura de teste de QA e DevOps modernizada com prote\u00e7\u00e3o fim a fim Gest\u00e3o de processos de neg\u00f3cio Melhorar a tomada de decis\u00f5es para [&hellip;]<\/p>\n","protected":false},"author":61,"featured_media":0,"parent":163,"menu_order":0,"comment_status":"closed","ping_status":"closed","template":"","meta":{"footnotes":""},"class_list":["post-165","page","type-page","status-publish","hentry"],"yoast_head":"<!-- This site is optimized with the Yoast SEO plugin v27.2 - https:\/\/yoast.com\/product\/yoast-seo-wordpress\/ -->\n<title>Servi\u00e7os - Beyondsoft Brasil<\/title>\n<meta name=\"description\" content=\"Servi\u00e7osAdo\u00e7\u00e3o e transforma\u00e7\u00e3o da nuvemSuporte especializado abrangente em todos os n\u00edveis\" \/>\n<meta name=\"robots\" content=\"index, follow, max-snippet:-1, max-image-preview:large, max-video-preview:-1\" \/>\n<link rel=\"canonical\" href=\"https:\/\/www.beyondsoft.com\/br\/o-que-fazemos\/servicos\/\" \/>\n<meta property=\"og:locale\" content=\"pt_BR\" \/>\n<meta property=\"og:type\" content=\"article\" \/>\n<meta property=\"og:title\" content=\"Servi\u00e7os - Beyondsoft Brasil\" \/>\n<meta property=\"og:description\" content=\"Servi\u00e7osAdo\u00e7\u00e3o e transforma\u00e7\u00e3o da nuvemSuporte especializado abrangente em todos os n\u00edveis\" \/>\n<meta property=\"og:url\" content=\"https:\/\/www.beyondsoft.com\/br\/o-que-fazemos\/servicos\/\" \/>\n<meta property=\"og:site_name\" content=\"Beyondsoft Brasil\" \/>\n<meta property=\"article:modified_time\" content=\"2026-03-25T15:16:45+00:00\" \/>\n<meta property=\"og:image\" content=\"https:\/\/www.beyondsoft.com\/br\/wp-content\/uploads\/sites\/5\/2026\/03\/service1.jpg\" \/>\n\t<meta property=\"og:image:width\" content=\"640\" \/>\n\t<meta property=\"og:image:height\" content=\"450\" \/>\n\t<meta property=\"og:image:type\" content=\"image\/jpeg\" \/>\n<meta name=\"twitter:card\" content=\"summary_large_image\" \/>\n<meta name=\"twitter:label1\" content=\"Est. tempo de leitura\" \/>\n\t<meta name=\"twitter:data1\" content=\"3 minutos\" \/>\n<script type=\"application\/ld+json\" class=\"yoast-schema-graph\">{\"@context\":\"https:\/\/schema.org\",\"@graph\":[{\"@type\":\"WebPage\",\"@id\":\"https:\/\/www.beyondsoft.com\/br\/o-que-fazemos\/servicos\/\",\"url\":\"https:\/\/www.beyondsoft.com\/br\/o-que-fazemos\/servicos\/\",\"name\":\"Servi\u00e7os - Beyondsoft Brasil\",\"isPartOf\":{\"@id\":\"https:\/\/www.beyondsoft.com\/br\/#website\"},\"primaryImageOfPage\":{\"@id\":\"https:\/\/www.beyondsoft.com\/br\/o-que-fazemos\/servicos\/#primaryimage\"},\"image\":{\"@id\":\"https:\/\/www.beyondsoft.com\/br\/o-que-fazemos\/servicos\/#primaryimage\"},\"thumbnailUrl\":\"https:\/\/www.beyondsoft.com\/br\/wp-content\/uploads\/sites\/5\/2026\/03\/service1.jpg\",\"datePublished\":\"2023-11-06T13:34:50+00:00\",\"dateModified\":\"2026-03-25T15:16:45+00:00\",\"description\":\"Servi\u00e7osAdo\u00e7\u00e3o e transforma\u00e7\u00e3o da nuvemSuporte especializado abrangente em todos os n\u00edveis\",\"breadcrumb\":{\"@id\":\"https:\/\/www.beyondsoft.com\/br\/o-que-fazemos\/servicos\/#breadcrumb\"},\"inLanguage\":\"pt-BR\",\"potentialAction\":[{\"@type\":\"ReadAction\",\"target\":[\"https:\/\/www.beyondsoft.com\/br\/o-que-fazemos\/servicos\/\"]}]},{\"@type\":\"ImageObject\",\"inLanguage\":\"pt-BR\",\"@id\":\"https:\/\/www.beyondsoft.com\/br\/o-que-fazemos\/servicos\/#primaryimage\",\"url\":\"https:\/\/www.beyondsoft.com\/br\/wp-content\/uploads\/sites\/5\/2026\/03\/service1.jpg\",\"contentUrl\":\"https:\/\/www.beyondsoft.com\/br\/wp-content\/uploads\/sites\/5\/2026\/03\/service1.jpg\",\"width\":640,\"height\":450},{\"@type\":\"BreadcrumbList\",\"@id\":\"https:\/\/www.beyondsoft.com\/br\/o-que-fazemos\/servicos\/#breadcrumb\",\"itemListElement\":[{\"@type\":\"ListItem\",\"position\":1,\"name\":\"In\u00edcio\",\"item\":\"https:\/\/www.beyondsoft.com\/br\/\"},{\"@type\":\"ListItem\",\"position\":2,\"name\":\"O que n\u00f3s fazemos\",\"item\":\"https:\/\/www.beyondsoft.com\/br\/o-que-fazemos\/\"},{\"@type\":\"ListItem\",\"position\":3,\"name\":\"Servi\u00e7os\"}]},{\"@type\":\"WebSite\",\"@id\":\"https:\/\/www.beyondsoft.com\/br\/#website\",\"url\":\"https:\/\/www.beyondsoft.com\/br\/\",\"name\":\"Beyondsoft Brasil\",\"description\":\"Beyond your expectations\",\"publisher\":{\"@id\":\"https:\/\/www.beyondsoft.com\/br\/#organization\"},\"potentialAction\":[{\"@type\":\"SearchAction\",\"target\":{\"@type\":\"EntryPoint\",\"urlTemplate\":\"https:\/\/www.beyondsoft.com\/br\/?s={search_term_string}\"},\"query-input\":{\"@type\":\"PropertyValueSpecification\",\"valueRequired\":true,\"valueName\":\"search_term_string\"}}],\"inLanguage\":\"pt-BR\"},{\"@type\":\"Organization\",\"@id\":\"https:\/\/www.beyondsoft.com\/br\/#organization\",\"name\":\"Beyondsoft Brasil\",\"url\":\"https:\/\/www.beyondsoft.com\/br\/\",\"logo\":{\"@type\":\"ImageObject\",\"inLanguage\":\"pt-BR\",\"@id\":\"https:\/\/www.beyondsoft.com\/br\/#\/schema\/logo\/image\/\",\"url\":\"https:\/\/www.beyondsoft.com\/br\/wp-content\/uploads\/sites\/5\/2024\/03\/cropped-bci-logo.png\",\"contentUrl\":\"https:\/\/www.beyondsoft.com\/br\/wp-content\/uploads\/sites\/5\/2024\/03\/cropped-bci-logo.png\",\"width\":758,\"height\":200,\"caption\":\"Beyondsoft Brasil\"},\"image\":{\"@id\":\"https:\/\/www.beyondsoft.com\/br\/#\/schema\/logo\/image\/\"},\"sameAs\":[\"https:\/\/www.linkedin.com\/company\/beyondsoftbrasil\"]}]}<\/script>\n<!-- \/ Yoast SEO plugin. -->","yoast_head_json":{"title":"Servi\u00e7os - Beyondsoft Brasil","description":"Servi\u00e7osAdo\u00e7\u00e3o e transforma\u00e7\u00e3o da nuvemSuporte especializado abrangente em todos os n\u00edveis","robots":{"index":"index","follow":"follow","max-snippet":"max-snippet:-1","max-image-preview":"max-image-preview:large","max-video-preview":"max-video-preview:-1"},"canonical":"https:\/\/www.beyondsoft.com\/br\/o-que-fazemos\/servicos\/","og_locale":"pt_BR","og_type":"article","og_title":"Servi\u00e7os - Beyondsoft Brasil","og_description":"Servi\u00e7osAdo\u00e7\u00e3o e transforma\u00e7\u00e3o da nuvemSuporte especializado abrangente em todos os n\u00edveis","og_url":"https:\/\/www.beyondsoft.com\/br\/o-que-fazemos\/servicos\/","og_site_name":"Beyondsoft Brasil","article_modified_time":"2026-03-25T15:16:45+00:00","og_image":[{"width":640,"height":450,"url":"https:\/\/www.beyondsoft.com\/br\/wp-content\/uploads\/sites\/5\/2026\/03\/service1.jpg","type":"image\/jpeg"}],"twitter_card":"summary_large_image","twitter_misc":{"Est. tempo de leitura":"3 minutos"},"schema":{"@context":"https:\/\/schema.org","@graph":[{"@type":"WebPage","@id":"https:\/\/www.beyondsoft.com\/br\/o-que-fazemos\/servicos\/","url":"https:\/\/www.beyondsoft.com\/br\/o-que-fazemos\/servicos\/","name":"Servi\u00e7os - Beyondsoft Brasil","isPartOf":{"@id":"https:\/\/www.beyondsoft.com\/br\/#website"},"primaryImageOfPage":{"@id":"https:\/\/www.beyondsoft.com\/br\/o-que-fazemos\/servicos\/#primaryimage"},"image":{"@id":"https:\/\/www.beyondsoft.com\/br\/o-que-fazemos\/servicos\/#primaryimage"},"thumbnailUrl":"https:\/\/www.beyondsoft.com\/br\/wp-content\/uploads\/sites\/5\/2026\/03\/service1.jpg","datePublished":"2023-11-06T13:34:50+00:00","dateModified":"2026-03-25T15:16:45+00:00","description":"Servi\u00e7osAdo\u00e7\u00e3o e transforma\u00e7\u00e3o da nuvemSuporte especializado abrangente em todos os n\u00edveis","breadcrumb":{"@id":"https:\/\/www.beyondsoft.com\/br\/o-que-fazemos\/servicos\/#breadcrumb"},"inLanguage":"pt-BR","potentialAction":[{"@type":"ReadAction","target":["https:\/\/www.beyondsoft.com\/br\/o-que-fazemos\/servicos\/"]}]},{"@type":"ImageObject","inLanguage":"pt-BR","@id":"https:\/\/www.beyondsoft.com\/br\/o-que-fazemos\/servicos\/#primaryimage","url":"https:\/\/www.beyondsoft.com\/br\/wp-content\/uploads\/sites\/5\/2026\/03\/service1.jpg","contentUrl":"https:\/\/www.beyondsoft.com\/br\/wp-content\/uploads\/sites\/5\/2026\/03\/service1.jpg","width":640,"height":450},{"@type":"BreadcrumbList","@id":"https:\/\/www.beyondsoft.com\/br\/o-que-fazemos\/servicos\/#breadcrumb","itemListElement":[{"@type":"ListItem","position":1,"name":"In\u00edcio","item":"https:\/\/www.beyondsoft.com\/br\/"},{"@type":"ListItem","position":2,"name":"O que n\u00f3s fazemos","item":"https:\/\/www.beyondsoft.com\/br\/o-que-fazemos\/"},{"@type":"ListItem","position":3,"name":"Servi\u00e7os"}]},{"@type":"WebSite","@id":"https:\/\/www.beyondsoft.com\/br\/#website","url":"https:\/\/www.beyondsoft.com\/br\/","name":"Beyondsoft Brasil","description":"Beyond your expectations","publisher":{"@id":"https:\/\/www.beyondsoft.com\/br\/#organization"},"potentialAction":[{"@type":"SearchAction","target":{"@type":"EntryPoint","urlTemplate":"https:\/\/www.beyondsoft.com\/br\/?s={search_term_string}"},"query-input":{"@type":"PropertyValueSpecification","valueRequired":true,"valueName":"search_term_string"}}],"inLanguage":"pt-BR"},{"@type":"Organization","@id":"https:\/\/www.beyondsoft.com\/br\/#organization","name":"Beyondsoft Brasil","url":"https:\/\/www.beyondsoft.com\/br\/","logo":{"@type":"ImageObject","inLanguage":"pt-BR","@id":"https:\/\/www.beyondsoft.com\/br\/#\/schema\/logo\/image\/","url":"https:\/\/www.beyondsoft.com\/br\/wp-content\/uploads\/sites\/5\/2024\/03\/cropped-bci-logo.png","contentUrl":"https:\/\/www.beyondsoft.com\/br\/wp-content\/uploads\/sites\/5\/2024\/03\/cropped-bci-logo.png","width":758,"height":200,"caption":"Beyondsoft Brasil"},"image":{"@id":"https:\/\/www.beyondsoft.com\/br\/#\/schema\/logo\/image\/"},"sameAs":["https:\/\/www.linkedin.com\/company\/beyondsoftbrasil"]}]}},"_links":{"self":[{"href":"https:\/\/www.beyondsoft.com\/br\/wp-json\/wp\/v2\/pages\/165","targetHints":{"allow":["GET"]}}],"collection":[{"href":"https:\/\/www.beyondsoft.com\/br\/wp-json\/wp\/v2\/pages"}],"about":[{"href":"https:\/\/www.beyondsoft.com\/br\/wp-json\/wp\/v2\/types\/page"}],"author":[{"embeddable":true,"href":"https:\/\/www.beyondsoft.com\/br\/wp-json\/wp\/v2\/users\/61"}],"replies":[{"embeddable":true,"href":"https:\/\/www.beyondsoft.com\/br\/wp-json\/wp\/v2\/comments?post=165"}],"version-history":[{"count":3,"href":"https:\/\/www.beyondsoft.com\/br\/wp-json\/wp\/v2\/pages\/165\/revisions"}],"predecessor-version":[{"id":1046054,"href":"https:\/\/www.beyondsoft.com\/br\/wp-json\/wp\/v2\/pages\/165\/revisions\/1046054"}],"up":[{"embeddable":true,"href":"https:\/\/www.beyondsoft.com\/br\/wp-json\/wp\/v2\/pages\/163"}],"wp:attachment":[{"href":"https:\/\/www.beyondsoft.com\/br\/wp-json\/wp\/v2\/media?parent=165"}],"curies":[{"name":"wp","href":"https:\/\/api.w.org\/{rel}","templated":true}]}}