{"id":281,"date":"2023-11-14T18:13:11","date_gmt":"2023-11-14T18:13:11","guid":{"rendered":"https:\/\/env-beyondsoftconsultinginc-development.kinsta.cloud\/?page_id=281"},"modified":"2026-03-25T15:27:12","modified_gmt":"2026-03-25T15:27:12","slug":"parceiros-estrategicos-beyondsoft","status":"publish","type":"page","link":"https:\/\/www.beyondsoft.com\/br\/o-que-fazemos\/parceiros-estrategicos-beyondsoft\/","title":{"rendered":"Parceiros"},"content":{"rendered":"\n<p class=\"has-medium-font-size\">Na Beyondsoft, acreditamos que grandes conquistas s\u00e3o constru\u00eddas em conjunto. Por isso, unimos for\u00e7as com parceiros estrat\u00e9gicos e l\u00edderes em tecnologia para entregar solu\u00e7\u00f5es inovadoras, escal\u00e1veis e de alto impacto.<\/p>\n\n\n\n<p class=\"has-medium-font-size\">Nossas parcerias fortalecem nosso ecossistema, ampliam nossas capacidades e geram mais valor aos nossos clientes. Juntos, aceleramos a transforma\u00e7\u00e3o digital, com seguran\u00e7a, efici\u00eancia e inova\u00e7\u00e3o cont\u00ednua.<\/p>\n\n\n\n<p class=\"has-medium-font-size\">Explore abaixo quem faz parte do nosso ecossistema:<\/p>\n\n\n\n<div style=\"height:60px\" aria-hidden=\"true\" class=\"wp-block-spacer\"><\/div>\n\n\n\n<div class=\"wp-block-cover alignfull our-engagement\"><img loading=\"lazy\" decoding=\"async\" width=\"1024\" height=\"612\" class=\"wp-block-cover__image-background wp-image-1046036 size-large\" alt=\"\" src=\"https:\/\/www.beyondsoft.com\/br\/wp-content\/uploads\/sites\/5\/2026\/03\/bg-engagement-1024x612.webp\" data-object-fit=\"cover\" srcset=\"https:\/\/www.beyondsoft.com\/br\/wp-content\/uploads\/sites\/5\/2026\/03\/bg-engagement-1024x612.webp 1024w, https:\/\/www.beyondsoft.com\/br\/wp-content\/uploads\/sites\/5\/2026\/03\/bg-engagement-300x179.webp 300w, https:\/\/www.beyondsoft.com\/br\/wp-content\/uploads\/sites\/5\/2026\/03\/bg-engagement-768x459.webp 768w, https:\/\/www.beyondsoft.com\/br\/wp-content\/uploads\/sites\/5\/2026\/03\/bg-engagement-1536x918.webp 1536w, https:\/\/www.beyondsoft.com\/br\/wp-content\/uploads\/sites\/5\/2026\/03\/bg-engagement-640x383.webp 640w, https:\/\/www.beyondsoft.com\/br\/wp-content\/uploads\/sites\/5\/2026\/03\/bg-engagement-341x204.webp 341w, https:\/\/www.beyondsoft.com\/br\/wp-content\/uploads\/sites\/5\/2026\/03\/bg-engagement.webp 1920w\" sizes=\"auto, (max-width: 1024px) 100vw, 1024px\" \/><span aria-hidden=\"true\" class=\"wp-block-cover__background has-background-dim-0 has-background-dim\" style=\"background-color:#3178ad\"><\/span><div class=\"wp-block-cover__inner-container is-layout-constrained wp-block-cover-is-layout-constrained\">\n<div style=\"height:100px\" aria-hidden=\"true\" class=\"wp-block-spacer\"><\/div>\n\n\n\n<figure class=\"wp-block-gallery has-nested-images columns-4 partners wp-block-gallery-1 is-layout-flex wp-block-gallery-is-layout-flex\">\n<figure class=\"wp-block-image size-full\"><img loading=\"lazy\" decoding=\"async\" width=\"200\" height=\"100\" data-id=\"1046067\" src=\"https:\/\/www.beyondsoft.com\/br\/wp-content\/uploads\/sites\/5\/2026\/03\/logo-snowflake.png\" alt=\"\" class=\"wp-image-1046067\"\/><\/figure>\n\n\n\n<figure class=\"wp-block-image size-full\"><img loading=\"lazy\" decoding=\"async\" width=\"150\" height=\"100\" data-id=\"1046066\" src=\"https:\/\/www.beyondsoft.com\/br\/wp-content\/uploads\/sites\/5\/2026\/03\/logo-adobe-150x100-1.png\" alt=\"\" class=\"wp-image-1046066\"\/><\/figure>\n\n\n\n<figure class=\"wp-block-image size-full\"><img loading=\"lazy\" decoding=\"async\" width=\"150\" height=\"100\" data-id=\"1046068\" src=\"https:\/\/www.beyondsoft.com\/br\/wp-content\/uploads\/sites\/5\/2026\/03\/logo-salesforce-150x100-1.png\" alt=\"\" class=\"wp-image-1046068\"\/><\/figure>\n\n\n\n<figure class=\"wp-block-image size-full\"><img loading=\"lazy\" decoding=\"async\" width=\"200\" height=\"100\" data-id=\"1046071\" src=\"https:\/\/www.beyondsoft.com\/br\/wp-content\/uploads\/sites\/5\/2026\/03\/logo-microsoft.png\" alt=\"\" class=\"wp-image-1046071\"\/><\/figure>\n\n\n\n<figure class=\"wp-block-image size-full\"><img loading=\"lazy\" decoding=\"async\" width=\"200\" height=\"100\" data-id=\"1046070\" src=\"https:\/\/www.beyondsoft.com\/br\/wp-content\/uploads\/sites\/5\/2026\/03\/logo-data-bricks.png\" alt=\"\" class=\"wp-image-1046070\"\/><\/figure>\n\n\n\n<figure class=\"wp-block-image size-full\"><img loading=\"lazy\" decoding=\"async\" width=\"150\" height=\"100\" data-id=\"1046069\" src=\"https:\/\/www.beyondsoft.com\/br\/wp-content\/uploads\/sites\/5\/2026\/03\/logo-sap-150x100-1.png\" alt=\"\" class=\"wp-image-1046069\"\/><\/figure>\n\n\n\n<figure class=\"wp-block-image size-full\"><img loading=\"lazy\" decoding=\"async\" width=\"150\" height=\"100\" data-id=\"1046072\" src=\"https:\/\/www.beyondsoft.com\/br\/wp-content\/uploads\/sites\/5\/2026\/03\/logo-redhat-150x100-1.png\" alt=\"\" class=\"wp-image-1046072\"\/><\/figure>\n<\/figure>\n\n\n\n<div style=\"height:467px\" aria-hidden=\"true\" class=\"wp-block-spacer\"><\/div>\n\n\n\n<figure class=\"wp-block-image size-full\"><img loading=\"lazy\" decoding=\"async\" width=\"788\" height=\"211\" src=\"https:\/\/www.beyondsoft.com\/br\/wp-content\/uploads\/sites\/5\/2023\/12\/24x7-pt.png\" alt=\"\" class=\"wp-image-1043598\" srcset=\"https:\/\/www.beyondsoft.com\/br\/wp-content\/uploads\/sites\/5\/2023\/12\/24x7-pt.png 788w, https:\/\/www.beyondsoft.com\/br\/wp-content\/uploads\/sites\/5\/2023\/12\/24x7-pt-300x80.png 300w, https:\/\/www.beyondsoft.com\/br\/wp-content\/uploads\/sites\/5\/2023\/12\/24x7-pt-768x206.png 768w\" sizes=\"auto, (max-width: 788px) 100vw, 788px\" \/><\/figure>\n\n\n\n<div style=\"height:150px\" aria-hidden=\"true\" class=\"wp-block-spacer\"><\/div>\n<\/div><\/div>\n","protected":false},"excerpt":{"rendered":"<p>Na Beyondsoft, acreditamos que grandes conquistas s\u00e3o constru\u00eddas em conjunto. Por isso, unimos for\u00e7as com parceiros estrat\u00e9gicos e l\u00edderes em tecnologia para entregar solu\u00e7\u00f5es inovadoras, escal\u00e1veis e de alto impacto. Nossas parcerias fortalecem nosso ecossistema, ampliam nossas capacidades e geram mais valor aos nossos clientes. Juntos, aceleramos a transforma\u00e7\u00e3o digital, com seguran\u00e7a, efici\u00eancia e inova\u00e7\u00e3o [&hellip;]<\/p>\n","protected":false},"author":61,"featured_media":0,"parent":163,"menu_order":0,"comment_status":"closed","ping_status":"closed","template":"","meta":{"footnotes":""},"class_list":["post-281","page","type-page","status-publish","hentry"],"yoast_head":"<!-- This site is optimized with the Yoast SEO plugin v27.2 - https:\/\/yoast.com\/product\/yoast-seo-wordpress\/ -->\n<title>Parceiros - Beyondsoft Brasil<\/title>\n<meta name=\"description\" content=\"Descubra como a Beyondsoft colabora com parceiros estrat\u00e9gicos para impulsionar a inova\u00e7\u00e3o, gerar valor e acelerar a transforma\u00e7\u00e3o digital.\" \/>\n<meta name=\"robots\" content=\"index, follow, max-snippet:-1, max-image-preview:large, max-video-preview:-1\" \/>\n<link rel=\"canonical\" href=\"https:\/\/www.beyondsoft.com\/br\/o-que-fazemos\/parceiros-estrategicos-beyondsoft\/\" \/>\n<meta property=\"og:locale\" content=\"pt_BR\" \/>\n<meta property=\"og:type\" content=\"article\" \/>\n<meta property=\"og:title\" content=\"Parceiros - Beyondsoft Brasil\" \/>\n<meta property=\"og:description\" content=\"Descubra como a Beyondsoft colabora com parceiros estrat\u00e9gicos para impulsionar a inova\u00e7\u00e3o, gerar valor e acelerar a transforma\u00e7\u00e3o digital.\" \/>\n<meta property=\"og:url\" content=\"https:\/\/www.beyondsoft.com\/br\/o-que-fazemos\/parceiros-estrategicos-beyondsoft\/\" \/>\n<meta property=\"og:site_name\" content=\"Beyondsoft Brasil\" \/>\n<meta property=\"article:modified_time\" content=\"2026-03-25T15:27:12+00:00\" \/>\n<meta property=\"og:image\" content=\"https:\/\/www.beyondsoft.com\/br\/wp-content\/uploads\/sites\/5\/2026\/03\/bg-engagement.webp\" \/>\n\t<meta property=\"og:image:width\" content=\"1920\" \/>\n\t<meta property=\"og:image:height\" content=\"1148\" \/>\n\t<meta property=\"og:image:type\" content=\"image\/webp\" \/>\n<meta name=\"twitter:card\" content=\"summary_large_image\" \/>\n<meta name=\"twitter:label1\" content=\"Est. tempo de leitura\" \/>\n\t<meta name=\"twitter:data1\" content=\"3 minutos\" \/>\n<script type=\"application\/ld+json\" class=\"yoast-schema-graph\">{\"@context\":\"https:\/\/schema.org\",\"@graph\":[{\"@type\":\"WebPage\",\"@id\":\"https:\/\/www.beyondsoft.com\/br\/o-que-fazemos\/parceiros-estrategicos-beyondsoft\/\",\"url\":\"https:\/\/www.beyondsoft.com\/br\/o-que-fazemos\/parceiros-estrategicos-beyondsoft\/\",\"name\":\"Parceiros - Beyondsoft Brasil\",\"isPartOf\":{\"@id\":\"https:\/\/www.beyondsoft.com\/br\/#website\"},\"primaryImageOfPage\":{\"@id\":\"https:\/\/www.beyondsoft.com\/br\/o-que-fazemos\/parceiros-estrategicos-beyondsoft\/#primaryimage\"},\"image\":{\"@id\":\"https:\/\/www.beyondsoft.com\/br\/o-que-fazemos\/parceiros-estrategicos-beyondsoft\/#primaryimage\"},\"thumbnailUrl\":\"https:\/\/www.beyondsoft.com\/br\/wp-content\/uploads\/sites\/5\/2026\/03\/bg-engagement-1024x612.webp\",\"datePublished\":\"2023-11-14T18:13:11+00:00\",\"dateModified\":\"2026-03-25T15:27:12+00:00\",\"description\":\"Descubra como a Beyondsoft colabora com parceiros estrat\u00e9gicos para impulsionar a inova\u00e7\u00e3o, gerar valor e acelerar a transforma\u00e7\u00e3o digital.\",\"breadcrumb\":{\"@id\":\"https:\/\/www.beyondsoft.com\/br\/o-que-fazemos\/parceiros-estrategicos-beyondsoft\/#breadcrumb\"},\"inLanguage\":\"pt-BR\",\"potentialAction\":[{\"@type\":\"ReadAction\",\"target\":[\"https:\/\/www.beyondsoft.com\/br\/o-que-fazemos\/parceiros-estrategicos-beyondsoft\/\"]}]},{\"@type\":\"ImageObject\",\"inLanguage\":\"pt-BR\",\"@id\":\"https:\/\/www.beyondsoft.com\/br\/o-que-fazemos\/parceiros-estrategicos-beyondsoft\/#primaryimage\",\"url\":\"https:\/\/www.beyondsoft.com\/br\/wp-content\/uploads\/sites\/5\/2026\/03\/bg-engagement.webp\",\"contentUrl\":\"https:\/\/www.beyondsoft.com\/br\/wp-content\/uploads\/sites\/5\/2026\/03\/bg-engagement.webp\",\"width\":1920,\"height\":1148},{\"@type\":\"BreadcrumbList\",\"@id\":\"https:\/\/www.beyondsoft.com\/br\/o-que-fazemos\/parceiros-estrategicos-beyondsoft\/#breadcrumb\",\"itemListElement\":[{\"@type\":\"ListItem\",\"position\":1,\"name\":\"In\u00edcio\",\"item\":\"https:\/\/www.beyondsoft.com\/br\/\"},{\"@type\":\"ListItem\",\"position\":2,\"name\":\"O que n\u00f3s fazemos\",\"item\":\"https:\/\/www.beyondsoft.com\/br\/o-que-fazemos\/\"},{\"@type\":\"ListItem\",\"position\":3,\"name\":\"Parceiros\"}]},{\"@type\":\"WebSite\",\"@id\":\"https:\/\/www.beyondsoft.com\/br\/#website\",\"url\":\"https:\/\/www.beyondsoft.com\/br\/\",\"name\":\"Beyondsoft Brasil\",\"description\":\"Beyond your expectations\",\"publisher\":{\"@id\":\"https:\/\/www.beyondsoft.com\/br\/#organization\"},\"potentialAction\":[{\"@type\":\"SearchAction\",\"target\":{\"@type\":\"EntryPoint\",\"urlTemplate\":\"https:\/\/www.beyondsoft.com\/br\/?s={search_term_string}\"},\"query-input\":{\"@type\":\"PropertyValueSpecification\",\"valueRequired\":true,\"valueName\":\"search_term_string\"}}],\"inLanguage\":\"pt-BR\"},{\"@type\":\"Organization\",\"@id\":\"https:\/\/www.beyondsoft.com\/br\/#organization\",\"name\":\"Beyondsoft Brasil\",\"url\":\"https:\/\/www.beyondsoft.com\/br\/\",\"logo\":{\"@type\":\"ImageObject\",\"inLanguage\":\"pt-BR\",\"@id\":\"https:\/\/www.beyondsoft.com\/br\/#\/schema\/logo\/image\/\",\"url\":\"https:\/\/www.beyondsoft.com\/br\/wp-content\/uploads\/sites\/5\/2024\/03\/cropped-bci-logo.png\",\"contentUrl\":\"https:\/\/www.beyondsoft.com\/br\/wp-content\/uploads\/sites\/5\/2024\/03\/cropped-bci-logo.png\",\"width\":758,\"height\":200,\"caption\":\"Beyondsoft Brasil\"},\"image\":{\"@id\":\"https:\/\/www.beyondsoft.com\/br\/#\/schema\/logo\/image\/\"},\"sameAs\":[\"https:\/\/www.linkedin.com\/company\/beyondsoftbrasil\"]}]}<\/script>\n<!-- \/ Yoast SEO plugin. -->","yoast_head_json":{"title":"Parceiros - Beyondsoft Brasil","description":"Descubra como a Beyondsoft colabora com parceiros estrat\u00e9gicos para impulsionar a inova\u00e7\u00e3o, gerar valor e acelerar a transforma\u00e7\u00e3o digital.","robots":{"index":"index","follow":"follow","max-snippet":"max-snippet:-1","max-image-preview":"max-image-preview:large","max-video-preview":"max-video-preview:-1"},"canonical":"https:\/\/www.beyondsoft.com\/br\/o-que-fazemos\/parceiros-estrategicos-beyondsoft\/","og_locale":"pt_BR","og_type":"article","og_title":"Parceiros - Beyondsoft Brasil","og_description":"Descubra como a Beyondsoft colabora com parceiros estrat\u00e9gicos para impulsionar a inova\u00e7\u00e3o, gerar valor e acelerar a transforma\u00e7\u00e3o digital.","og_url":"https:\/\/www.beyondsoft.com\/br\/o-que-fazemos\/parceiros-estrategicos-beyondsoft\/","og_site_name":"Beyondsoft Brasil","article_modified_time":"2026-03-25T15:27:12+00:00","og_image":[{"width":1920,"height":1148,"url":"https:\/\/www.beyondsoft.com\/br\/wp-content\/uploads\/sites\/5\/2026\/03\/bg-engagement.webp","type":"image\/webp"}],"twitter_card":"summary_large_image","twitter_misc":{"Est. tempo de leitura":"3 minutos"},"schema":{"@context":"https:\/\/schema.org","@graph":[{"@type":"WebPage","@id":"https:\/\/www.beyondsoft.com\/br\/o-que-fazemos\/parceiros-estrategicos-beyondsoft\/","url":"https:\/\/www.beyondsoft.com\/br\/o-que-fazemos\/parceiros-estrategicos-beyondsoft\/","name":"Parceiros - Beyondsoft Brasil","isPartOf":{"@id":"https:\/\/www.beyondsoft.com\/br\/#website"},"primaryImageOfPage":{"@id":"https:\/\/www.beyondsoft.com\/br\/o-que-fazemos\/parceiros-estrategicos-beyondsoft\/#primaryimage"},"image":{"@id":"https:\/\/www.beyondsoft.com\/br\/o-que-fazemos\/parceiros-estrategicos-beyondsoft\/#primaryimage"},"thumbnailUrl":"https:\/\/www.beyondsoft.com\/br\/wp-content\/uploads\/sites\/5\/2026\/03\/bg-engagement-1024x612.webp","datePublished":"2023-11-14T18:13:11+00:00","dateModified":"2026-03-25T15:27:12+00:00","description":"Descubra como a Beyondsoft colabora com parceiros estrat\u00e9gicos para impulsionar a inova\u00e7\u00e3o, gerar valor e acelerar a transforma\u00e7\u00e3o digital.","breadcrumb":{"@id":"https:\/\/www.beyondsoft.com\/br\/o-que-fazemos\/parceiros-estrategicos-beyondsoft\/#breadcrumb"},"inLanguage":"pt-BR","potentialAction":[{"@type":"ReadAction","target":["https:\/\/www.beyondsoft.com\/br\/o-que-fazemos\/parceiros-estrategicos-beyondsoft\/"]}]},{"@type":"ImageObject","inLanguage":"pt-BR","@id":"https:\/\/www.beyondsoft.com\/br\/o-que-fazemos\/parceiros-estrategicos-beyondsoft\/#primaryimage","url":"https:\/\/www.beyondsoft.com\/br\/wp-content\/uploads\/sites\/5\/2026\/03\/bg-engagement.webp","contentUrl":"https:\/\/www.beyondsoft.com\/br\/wp-content\/uploads\/sites\/5\/2026\/03\/bg-engagement.webp","width":1920,"height":1148},{"@type":"BreadcrumbList","@id":"https:\/\/www.beyondsoft.com\/br\/o-que-fazemos\/parceiros-estrategicos-beyondsoft\/#breadcrumb","itemListElement":[{"@type":"ListItem","position":1,"name":"In\u00edcio","item":"https:\/\/www.beyondsoft.com\/br\/"},{"@type":"ListItem","position":2,"name":"O que n\u00f3s fazemos","item":"https:\/\/www.beyondsoft.com\/br\/o-que-fazemos\/"},{"@type":"ListItem","position":3,"name":"Parceiros"}]},{"@type":"WebSite","@id":"https:\/\/www.beyondsoft.com\/br\/#website","url":"https:\/\/www.beyondsoft.com\/br\/","name":"Beyondsoft Brasil","description":"Beyond your expectations","publisher":{"@id":"https:\/\/www.beyondsoft.com\/br\/#organization"},"potentialAction":[{"@type":"SearchAction","target":{"@type":"EntryPoint","urlTemplate":"https:\/\/www.beyondsoft.com\/br\/?s={search_term_string}"},"query-input":{"@type":"PropertyValueSpecification","valueRequired":true,"valueName":"search_term_string"}}],"inLanguage":"pt-BR"},{"@type":"Organization","@id":"https:\/\/www.beyondsoft.com\/br\/#organization","name":"Beyondsoft Brasil","url":"https:\/\/www.beyondsoft.com\/br\/","logo":{"@type":"ImageObject","inLanguage":"pt-BR","@id":"https:\/\/www.beyondsoft.com\/br\/#\/schema\/logo\/image\/","url":"https:\/\/www.beyondsoft.com\/br\/wp-content\/uploads\/sites\/5\/2024\/03\/cropped-bci-logo.png","contentUrl":"https:\/\/www.beyondsoft.com\/br\/wp-content\/uploads\/sites\/5\/2024\/03\/cropped-bci-logo.png","width":758,"height":200,"caption":"Beyondsoft Brasil"},"image":{"@id":"https:\/\/www.beyondsoft.com\/br\/#\/schema\/logo\/image\/"},"sameAs":["https:\/\/www.linkedin.com\/company\/beyondsoftbrasil"]}]}},"_links":{"self":[{"href":"https:\/\/www.beyondsoft.com\/br\/wp-json\/wp\/v2\/pages\/281","targetHints":{"allow":["GET"]}}],"collection":[{"href":"https:\/\/www.beyondsoft.com\/br\/wp-json\/wp\/v2\/pages"}],"about":[{"href":"https:\/\/www.beyondsoft.com\/br\/wp-json\/wp\/v2\/types\/page"}],"author":[{"embeddable":true,"href":"https:\/\/www.beyondsoft.com\/br\/wp-json\/wp\/v2\/users\/61"}],"replies":[{"embeddable":true,"href":"https:\/\/www.beyondsoft.com\/br\/wp-json\/wp\/v2\/comments?post=281"}],"version-history":[{"count":12,"href":"https:\/\/www.beyondsoft.com\/br\/wp-json\/wp\/v2\/pages\/281\/revisions"}],"predecessor-version":[{"id":1046074,"href":"https:\/\/www.beyondsoft.com\/br\/wp-json\/wp\/v2\/pages\/281\/revisions\/1046074"}],"up":[{"embeddable":true,"href":"https:\/\/www.beyondsoft.com\/br\/wp-json\/wp\/v2\/pages\/163"}],"wp:attachment":[{"href":"https:\/\/www.beyondsoft.com\/br\/wp-json\/wp\/v2\/media?parent=281"}],"curies":[{"name":"wp","href":"https:\/\/api.w.org\/{rel}","templated":true}]}}