{"id":370,"date":"2023-11-27T22:42:48","date_gmt":"2023-11-27T22:42:48","guid":{"rendered":"https:\/\/env-beyondsoftconsultinginc-development.kinsta.cloud\/?page_id=370"},"modified":"2026-03-25T15:23:30","modified_gmt":"2026-03-25T15:23:30","slug":"presenca-global","status":"publish","type":"page","link":"https:\/\/www.beyondsoft.com\/br\/presenca-global\/","title":{"rendered":"Presen\u00e7a Global"},"content":{"rendered":"\n<ul class=\"wp-block-list global-locations\">\n<li>Sedes\n<ul class=\"wp-block-list\">\n<li>Global\n<ul class=\"wp-block-list\">\n<li>Singapore: 38 Beach Road #20-11 South Beach Tower Singapore 189767<br>Contato: <a href=\"mailto:info.sg@beyondsoft.com\" target=\"_blank\" rel=\"noreferrer noopener\">info.sg@beyondsoft.com<\/a> <\/li>\n<\/ul>\n<\/li>\n\n\n\n<li>Am\u00e9ricas\n<ul class=\"wp-block-list\">\n<li>Estados Unidos: 2010 156th Avenue NE, #301 Bellevue, Washington 98007<\/li>\n\n\n\n<li>Contato: <a href=\"marketing@us.beyondsoft.com\">marketing@us.beyondsoft.com <\/a><\/li>\n<\/ul>\n<\/li>\n\n\n\n<li>Jap\u00e3o\n<ul class=\"wp-block-list\">\n<li>Jap\u00e3o: 23F, Gate City Ohsaki East Tower ,1-11-2 Ohsaki, Shinagawa-ku, Tokyo<\/li>\n\n\n\n<li>Contato: <a href=\"mailto:info.jp@beyondsoft.com\">info.jp@beyondsoft.com<\/a><\/li>\n<\/ul>\n<\/li>\n\n\n\n<li>\u00c1sia\n<ul class=\"wp-block-list\">\n<li>Singapore: 38 Beach Road #04-12 South Beach Tower Singapore 189767<\/li>\n\n\n\n<li>Contato: <a href=\"mailto:info.sg@beyondsoft.com\">info.sg@beyondsoft.com<\/a><br><\/li>\n<\/ul>\n<\/li>\n<\/ul>\n<\/li>\n\n\n\n<li>Escrit\u00f3rios regionais \u00c1sia\n<ul class=\"wp-block-list\">\n<li>China\n<ul class=\"wp-block-list\">\n<li>Bldg. 7, East Zone, Courtyard #10, Xibeiwang East Road, Haidian District, Beijing 100193 P.R.C.<br>Contato: <a href=\"mailto:info.sg@beyondsoft.com\" target=\"_blank\" rel=\"noreferrer noopener\">info.sg@beyondsoft.com<\/a><\/li>\n<\/ul>\n<\/li>\n\n\n\n<li>Hong Kong\n<ul class=\"wp-block-list\">\n<li>Room 1903, 19\/F, Lee Garden One, 33 Hysan Avenue, Causeway Bay, Hong Kong<br>Contato: <a href=\"mailto:info.sg@beyondsoft.com\" target=\"_blank\" rel=\"noreferrer noopener\">info.sg@beyondsoft.com<\/a><\/li>\n<\/ul>\n<\/li>\n\n\n\n<li>\u00cdndia\n<ul class=\"wp-block-list\">\n<li>Office No. B-372, 7<sup>th<\/sup> Floor, Tower B, The Corenthum, Sector 62, Noida, Uttar Pradesh \u2013 201301, India <br>Contato: <a href=\"mailto:info.sg@beyondsoft.com\" target=\"_blank\" rel=\"noreferrer noopener\">marketing@us.beyondsoft.com<\/a><\/li>\n<\/ul>\n<\/li>\n\n\n\n<li>Indon\u00e9sia\n<ul class=\"wp-block-list\">\n<li>APL Tower, Lantai 26 Unit T3, Jalan S. Parman Kav. 28, Indonesia<br>Contato: <a href=\"mailto:info.sg@beyondsoft.com\" target=\"_blank\" rel=\"noreferrer noopener\">info.sg@beyondsoft.com<\/a><\/li>\n<\/ul>\n<\/li>\n\n\n\n<li>Mal\u00e1sia\n<ul class=\"wp-block-list\">\n<li>Unit 6.02, Unit 6.03, Unit 6.03A, Mercu 2, No.3 Jalan Bangsar, KL Eco City 59200 Kuala Lumpur Malaysia<br>Contato: <a href=\"mailto:info.sg@beyondsoft.com\" target=\"_blank\" rel=\"noreferrer noopener\">info.sg@beyondsoft.com<\/a><\/li>\n<\/ul>\n<\/li>\n\n\n\n<li>Filipinas\n<ul class=\"wp-block-list\">\n<li>22\/F, Mega Tower, Edsa cor. J. Vargas Avenue, Barangay Wack-Wack<br>Contact: <a href=\"mailto:info.sg@beyondsoft.com\" target=\"_blank\" rel=\"noreferrer noopener\">info.sg@beyondsoft.com<\/a><\/li>\n<\/ul>\n<\/li>\n\n\n\n<li>Taiwan\n<ul class=\"wp-block-list\">\n<li>5F, No.285, Sec.4, ZhongxiaoE.Rd. Daan Dist., Taipei 106 Taiwan<br>Contato: <a href=\"mailto:info.sg@beyondsoft.com\" target=\"_blank\" rel=\"noreferrer noopener\">info.sg@beyondsoft.com<\/a><\/li>\n<\/ul>\n<\/li>\n\n\n\n<li>Vietn\u00e3\n<ul class=\"wp-block-list\">\n<li>3\u00ba andar, Business Center, N\u00ba. 258, Rua Nam Ky Khoi Nghia, Vo Thi Sau Ward, Distrito 3, Ho Chi Minh Cidade, Vietn\u00e3<br>Contato: <a href=\"mailto:info.sg@beyondsoft.com\" target=\"_blank\" rel=\"noreferrer noopener\">info.sg@beyondsoft.com<\/a><br><\/li>\n\n\n\n<li>No 21, Duy Tan Street, Dich Vong Hau Ward, Cau Giay District, Ha Noi City, Vietnam<br>Contato: <a href=\"mailto:info.sg@beyondsoft.com\" target=\"_blank\" rel=\"noreferrer noopener\">info.sg@beyondsoft.com<\/a><br><\/li>\n<\/ul>\n<\/li>\n<\/ul>\n<\/li>\n\n\n\n<li>Escrit\u00f3rios regionais das Am\u00e9ricas<br>\n<ul class=\"wp-block-list\">\n<li>Estados Unidos\n<ul class=\"wp-block-list\">\n<li>2010 156th Avenue NE, #301 Bellevue, Washington 98007<\/li>\n\n\n\n<li>Contato: <a href=\"mailto:marketing@us.beyondsoft.com\">marketing@us.beyondsoft.com<\/a><br>Verifica\u00e7\u00e3o de colaborador: <a href=\"https:\/\/www.beyondsoft.com\/global-locations\/#:~:text=Verification%20of%20employment%3A-,voe%40us.beyondsoft.com,-251%20W%2030th\">voe@us.beyondsoft.com<\/a><br><\/li>\n<\/ul>\n<\/li>\n\n\n\n<li>Brasil\n<ul class=\"wp-block-list\">\n<li>S\u00e3o Paulo: Av. Pres. Juscelino Kubitschek, 2041 &#8211; Torre B, 5\u00ba Andar, Vila Ol\u00edmpia, S\u00e3o Paulo &#8211; SP, 04543-011<\/li>\n\n\n\n<li>Contato: <a href=\"mailto:marketing.br@us.beyondsoft.com\">marketing.br@us.beyondsoft.com<\/a> <\/li>\n\n\n\n<li>Jur\u00eddico: <a href=\"mailto:juridico.br@us.beyondsoft.com\">juridico.br@us.beyondsoft.com<\/a><\/li>\n\n\n\n<li>Verifica\u00e7\u00e3o de colaborador: <a href=\"https:\/\/www.beyondsoft.com\/global-locations\/#:~:text=Verification%20of%20employment%3A-,voe%40us.beyondsoft.com,-251%20W%2030th\">voe@us.beyondsoft.com<\/a><br><br><\/li>\n\n\n\n<li>Rio de Janeiro: Av. Oscar Niemeyer, 2000, Santo Cristo, Rio de Janeiro &#8211; RJ, 20220-325<\/li>\n\n\n\n<li>Contato: <a href=\"mailto:marketing.br@us.beyondsoft.com\">marketing.br@us.beyondsoft.com<\/a> <\/li>\n\n\n\n<li>Jur\u00eddico: <a href=\"mailto:juridico.br@us.beyondsoft.com\">juridico.br@us.beyondsoft.com<\/a><\/li>\n\n\n\n<li>Verifica\u00e7\u00e3o de colaborador: <a href=\"https:\/\/www.beyondsoft.com\/global-locations\/#:~:text=Verification%20of%20employment%3A-,voe%40us.beyondsoft.com,-251%20W%2030th\">voe@us.beyondsoft.com<\/a><br><\/li>\n<\/ul>\n<\/li>\n\n\n\n<li>Costa Rica\n<ul class=\"wp-block-list\">\n<li>WeWork Plaza Real Cariari, Cruce de San Antonio de Bel\u00e9n, sobre la autopista General Ca\u00f1as ciento once, oficina n\u00famero 04-109. Heredia, Costa Rica<br>Contato: <a href=\"mailto:marketing@us.beyondsoft.com\" target=\"_blank\" rel=\"noreferrer noopener\">marketing@us.beyondsoft.com<\/a> <\/li>\n\n\n\n<li>Verifica\u00e7\u00e3o de colaborador: <a href=\"https:\/\/www.beyondsoft.com\/global-locations\/#:~:text=Verification%20of%20employment%3A-,voe%40us.beyondsoft.com,-251%20W%2030th\">voe@us.beyondsoft.com<\/a><br><\/li>\n<\/ul>\n<\/li>\n<\/ul>\n<\/li>\n\n\n\n<li>Escrit\u00f3rios regionais da Europa\n<ul class=\"wp-block-list\">\n<li>Espanha\n<ul class=\"wp-block-list\">\n<li>Barcelona: Avenida Can Fatjo del Aurons N\u00ba 3, San Cugat del Valles <\/li>\n\n\n\n<li>Contato: <a href=\"mailto:info.sg@beyondsoft.com\" target=\"_blank\" rel=\"noreferrer noopener\">info.sg@beyondsoft.com<\/a><br><\/li>\n<\/ul>\n<\/li>\n\n\n\n<li>Inglaterra\n<ul class=\"wp-block-list\">\n<li>New Penderel House 4\u00ba andar, 283-288, High Holborn, Londres, Inglaterra WC1V 7HP<br>Contato: <a href=\"mailto:marketing@us.beyondsoft.com\" target=\"_blank\" rel=\"noreferrer noopener\">marketing@us.beyondsoft.com<\/a><\/li>\n<\/ul>\n<\/li>\n<\/ul>\n<\/li>\n<\/ul>\n\n\n\n<div style=\"height:60px\" aria-hidden=\"true\" class=\"wp-block-spacer\"><\/div>\n\n\n\n<div style=\"height:50px\" aria-hidden=\"true\" class=\"wp-block-spacer\"><\/div>\n\n\n\n<div class=\"wp-block-cover alignfull is-light\"><img loading=\"lazy\" decoding=\"async\" width=\"1024\" height=\"436\" class=\"wp-block-cover__image-background wp-image-1046046 size-large\" alt=\"\" src=\"https:\/\/www.beyondsoft.com\/br\/wp-content\/uploads\/sites\/5\/2026\/03\/bg-why-bys-1024x436.webp\" data-object-fit=\"cover\" srcset=\"https:\/\/www.beyondsoft.com\/br\/wp-content\/uploads\/sites\/5\/2026\/03\/bg-why-bys-1024x436.webp 1024w, https:\/\/www.beyondsoft.com\/br\/wp-content\/uploads\/sites\/5\/2026\/03\/bg-why-bys-300x128.webp 300w, https:\/\/www.beyondsoft.com\/br\/wp-content\/uploads\/sites\/5\/2026\/03\/bg-why-bys-768x327.webp 768w, https:\/\/www.beyondsoft.com\/br\/wp-content\/uploads\/sites\/5\/2026\/03\/bg-why-bys-640x272.webp 640w, https:\/\/www.beyondsoft.com\/br\/wp-content\/uploads\/sites\/5\/2026\/03\/bg-why-bys-385x164.webp 385w, https:\/\/www.beyondsoft.com\/br\/wp-content\/uploads\/sites\/5\/2026\/03\/bg-why-bys.webp 1528w\" sizes=\"auto, (max-width: 1024px) 100vw, 1024px\" \/><span aria-hidden=\"true\" class=\"wp-block-cover__background has-background-dim-0 has-background-dim\" style=\"background-color:#e4e6f9\"><\/span><div class=\"wp-block-cover__inner-container is-layout-flow wp-block-cover-is-layout-flow\">\n<div style=\"height:30px\" aria-hidden=\"true\" class=\"wp-block-spacer\"><\/div>\n\n\n\n<div class=\"wp-block-columns justify-text has-light-background-color has-background is-layout-flex wp-container-core-columns-is-layout-9d6595d7 wp-block-columns-is-layout-flex\">\n<div class=\"wp-block-column is-layout-flow wp-block-column-is-layout-flow\">\n<h3 class=\"wp-block-heading\">Nossa miss\u00e3o<\/h3>\n\n\n\n<p>Na Beyondsoft, a nossa miss\u00e3o \u00e9 aproveitar as tecnologias emergentes e um m\u00e9todo de entrega comprovado, permitindo que os nossos clientes adotem uma abordagem \u00e1gil e orientada para o futuro em seus neg\u00f3cios.<\/p>\n<\/div>\n<\/div>\n\n\n\n<div style=\"height:20px\" aria-hidden=\"true\" class=\"wp-block-spacer\"><\/div>\n<\/div><\/div>\n","protected":false},"excerpt":{"rendered":"","protected":false},"author":61,"featured_media":0,"parent":0,"menu_order":0,"comment_status":"closed","ping_status":"closed","template":"","meta":{"footnotes":""},"class_list":["post-370","page","type-page","status-publish","hentry"],"yoast_head":"<!-- This site is optimized with the Yoast SEO plugin v27.2 - https:\/\/yoast.com\/product\/yoast-seo-wordpress\/ -->\n<title>Presen\u00e7a Global - Beyondsoft Brasil<\/title>\n<meta name=\"description\" content=\"Presen\u00e7a Global - Nossos fatores de sucesso ao longo dos anos s\u00e3o uma prova de que impulsionamos o retorno do investimento. Singapura \u00e9 a nossa sede global e temos 15 escrit\u00f3rios regionais em todo o mundo.\" \/>\n<meta name=\"robots\" content=\"index, follow, max-snippet:-1, max-image-preview:large, max-video-preview:-1\" \/>\n<link rel=\"canonical\" href=\"https:\/\/www.beyondsoft.com\/br\/presenca-global\/\" \/>\n<meta property=\"og:locale\" content=\"pt_BR\" \/>\n<meta property=\"og:type\" content=\"article\" \/>\n<meta property=\"og:title\" content=\"Presen\u00e7a Global - Beyondsoft Brasil\" \/>\n<meta property=\"og:description\" content=\"Presen\u00e7a Global - Nossos fatores de sucesso ao longo dos anos s\u00e3o uma prova de que impulsionamos o retorno do investimento. Singapura \u00e9 a nossa sede global e temos 15 escrit\u00f3rios regionais em todo o mundo.\" \/>\n<meta property=\"og:url\" content=\"https:\/\/www.beyondsoft.com\/br\/presenca-global\/\" \/>\n<meta property=\"og:site_name\" content=\"Beyondsoft Brasil\" \/>\n<meta property=\"article:modified_time\" content=\"2026-03-25T15:23:30+00:00\" \/>\n<meta property=\"og:image\" content=\"https:\/\/www.beyondsoft.com\/br\/wp-content\/uploads\/sites\/5\/2026\/03\/bg-why-bys.webp\" \/>\n\t<meta property=\"og:image:width\" content=\"1528\" \/>\n\t<meta property=\"og:image:height\" content=\"650\" \/>\n\t<meta property=\"og:image:type\" content=\"image\/webp\" \/>\n<meta name=\"twitter:card\" content=\"summary_large_image\" \/>\n<meta name=\"twitter:label1\" content=\"Est. tempo de leitura\" \/>\n\t<meta name=\"twitter:data1\" content=\"3 minutos\" \/>\n<script type=\"application\/ld+json\" class=\"yoast-schema-graph\">{\"@context\":\"https:\/\/schema.org\",\"@graph\":[{\"@type\":\"WebPage\",\"@id\":\"https:\/\/www.beyondsoft.com\/br\/presenca-global\/\",\"url\":\"https:\/\/www.beyondsoft.com\/br\/presenca-global\/\",\"name\":\"Presen\u00e7a Global - Beyondsoft Brasil\",\"isPartOf\":{\"@id\":\"https:\/\/www.beyondsoft.com\/br\/#website\"},\"primaryImageOfPage\":{\"@id\":\"https:\/\/www.beyondsoft.com\/br\/presenca-global\/#primaryimage\"},\"image\":{\"@id\":\"https:\/\/www.beyondsoft.com\/br\/presenca-global\/#primaryimage\"},\"thumbnailUrl\":\"https:\/\/www.beyondsoft.com\/br\/wp-content\/uploads\/sites\/5\/2026\/03\/bg-why-bys-1024x436.webp\",\"datePublished\":\"2023-11-27T22:42:48+00:00\",\"dateModified\":\"2026-03-25T15:23:30+00:00\",\"description\":\"Presen\u00e7a Global - Nossos fatores de sucesso ao longo dos anos s\u00e3o uma prova de que impulsionamos o retorno do investimento. Singapura \u00e9 a nossa sede global e temos 15 escrit\u00f3rios regionais em todo o mundo.\",\"breadcrumb\":{\"@id\":\"https:\/\/www.beyondsoft.com\/br\/presenca-global\/#breadcrumb\"},\"inLanguage\":\"pt-BR\",\"potentialAction\":[{\"@type\":\"ReadAction\",\"target\":[\"https:\/\/www.beyondsoft.com\/br\/presenca-global\/\"]}]},{\"@type\":\"ImageObject\",\"inLanguage\":\"pt-BR\",\"@id\":\"https:\/\/www.beyondsoft.com\/br\/presenca-global\/#primaryimage\",\"url\":\"https:\/\/www.beyondsoft.com\/br\/wp-content\/uploads\/sites\/5\/2026\/03\/bg-why-bys.webp\",\"contentUrl\":\"https:\/\/www.beyondsoft.com\/br\/wp-content\/uploads\/sites\/5\/2026\/03\/bg-why-bys.webp\",\"width\":1528,\"height\":650},{\"@type\":\"BreadcrumbList\",\"@id\":\"https:\/\/www.beyondsoft.com\/br\/presenca-global\/#breadcrumb\",\"itemListElement\":[{\"@type\":\"ListItem\",\"position\":1,\"name\":\"In\u00edcio\",\"item\":\"https:\/\/www.beyondsoft.com\/br\/\"},{\"@type\":\"ListItem\",\"position\":2,\"name\":\"Presen\u00e7a Global\"}]},{\"@type\":\"WebSite\",\"@id\":\"https:\/\/www.beyondsoft.com\/br\/#website\",\"url\":\"https:\/\/www.beyondsoft.com\/br\/\",\"name\":\"Beyondsoft Brasil\",\"description\":\"Beyond your expectations\",\"publisher\":{\"@id\":\"https:\/\/www.beyondsoft.com\/br\/#organization\"},\"potentialAction\":[{\"@type\":\"SearchAction\",\"target\":{\"@type\":\"EntryPoint\",\"urlTemplate\":\"https:\/\/www.beyondsoft.com\/br\/?s={search_term_string}\"},\"query-input\":{\"@type\":\"PropertyValueSpecification\",\"valueRequired\":true,\"valueName\":\"search_term_string\"}}],\"inLanguage\":\"pt-BR\"},{\"@type\":\"Organization\",\"@id\":\"https:\/\/www.beyondsoft.com\/br\/#organization\",\"name\":\"Beyondsoft Brasil\",\"url\":\"https:\/\/www.beyondsoft.com\/br\/\",\"logo\":{\"@type\":\"ImageObject\",\"inLanguage\":\"pt-BR\",\"@id\":\"https:\/\/www.beyondsoft.com\/br\/#\/schema\/logo\/image\/\",\"url\":\"https:\/\/www.beyondsoft.com\/br\/wp-content\/uploads\/sites\/5\/2024\/03\/cropped-bci-logo.png\",\"contentUrl\":\"https:\/\/www.beyondsoft.com\/br\/wp-content\/uploads\/sites\/5\/2024\/03\/cropped-bci-logo.png\",\"width\":758,\"height\":200,\"caption\":\"Beyondsoft Brasil\"},\"image\":{\"@id\":\"https:\/\/www.beyondsoft.com\/br\/#\/schema\/logo\/image\/\"},\"sameAs\":[\"https:\/\/www.linkedin.com\/company\/beyondsoftbrasil\"]}]}<\/script>\n<!-- \/ Yoast SEO plugin. -->","yoast_head_json":{"title":"Presen\u00e7a Global - Beyondsoft Brasil","description":"Presen\u00e7a Global - Nossos fatores de sucesso ao longo dos anos s\u00e3o uma prova de que impulsionamos o retorno do investimento. Singapura \u00e9 a nossa sede global e temos 15 escrit\u00f3rios regionais em todo o mundo.","robots":{"index":"index","follow":"follow","max-snippet":"max-snippet:-1","max-image-preview":"max-image-preview:large","max-video-preview":"max-video-preview:-1"},"canonical":"https:\/\/www.beyondsoft.com\/br\/presenca-global\/","og_locale":"pt_BR","og_type":"article","og_title":"Presen\u00e7a Global - Beyondsoft Brasil","og_description":"Presen\u00e7a Global - Nossos fatores de sucesso ao longo dos anos s\u00e3o uma prova de que impulsionamos o retorno do investimento. Singapura \u00e9 a nossa sede global e temos 15 escrit\u00f3rios regionais em todo o mundo.","og_url":"https:\/\/www.beyondsoft.com\/br\/presenca-global\/","og_site_name":"Beyondsoft Brasil","article_modified_time":"2026-03-25T15:23:30+00:00","og_image":[{"width":1528,"height":650,"url":"https:\/\/www.beyondsoft.com\/br\/wp-content\/uploads\/sites\/5\/2026\/03\/bg-why-bys.webp","type":"image\/webp"}],"twitter_card":"summary_large_image","twitter_misc":{"Est. tempo de leitura":"3 minutos"},"schema":{"@context":"https:\/\/schema.org","@graph":[{"@type":"WebPage","@id":"https:\/\/www.beyondsoft.com\/br\/presenca-global\/","url":"https:\/\/www.beyondsoft.com\/br\/presenca-global\/","name":"Presen\u00e7a Global - Beyondsoft Brasil","isPartOf":{"@id":"https:\/\/www.beyondsoft.com\/br\/#website"},"primaryImageOfPage":{"@id":"https:\/\/www.beyondsoft.com\/br\/presenca-global\/#primaryimage"},"image":{"@id":"https:\/\/www.beyondsoft.com\/br\/presenca-global\/#primaryimage"},"thumbnailUrl":"https:\/\/www.beyondsoft.com\/br\/wp-content\/uploads\/sites\/5\/2026\/03\/bg-why-bys-1024x436.webp","datePublished":"2023-11-27T22:42:48+00:00","dateModified":"2026-03-25T15:23:30+00:00","description":"Presen\u00e7a Global - Nossos fatores de sucesso ao longo dos anos s\u00e3o uma prova de que impulsionamos o retorno do investimento. Singapura \u00e9 a nossa sede global e temos 15 escrit\u00f3rios regionais em todo o mundo.","breadcrumb":{"@id":"https:\/\/www.beyondsoft.com\/br\/presenca-global\/#breadcrumb"},"inLanguage":"pt-BR","potentialAction":[{"@type":"ReadAction","target":["https:\/\/www.beyondsoft.com\/br\/presenca-global\/"]}]},{"@type":"ImageObject","inLanguage":"pt-BR","@id":"https:\/\/www.beyondsoft.com\/br\/presenca-global\/#primaryimage","url":"https:\/\/www.beyondsoft.com\/br\/wp-content\/uploads\/sites\/5\/2026\/03\/bg-why-bys.webp","contentUrl":"https:\/\/www.beyondsoft.com\/br\/wp-content\/uploads\/sites\/5\/2026\/03\/bg-why-bys.webp","width":1528,"height":650},{"@type":"BreadcrumbList","@id":"https:\/\/www.beyondsoft.com\/br\/presenca-global\/#breadcrumb","itemListElement":[{"@type":"ListItem","position":1,"name":"In\u00edcio","item":"https:\/\/www.beyondsoft.com\/br\/"},{"@type":"ListItem","position":2,"name":"Presen\u00e7a Global"}]},{"@type":"WebSite","@id":"https:\/\/www.beyondsoft.com\/br\/#website","url":"https:\/\/www.beyondsoft.com\/br\/","name":"Beyondsoft Brasil","description":"Beyond your expectations","publisher":{"@id":"https:\/\/www.beyondsoft.com\/br\/#organization"},"potentialAction":[{"@type":"SearchAction","target":{"@type":"EntryPoint","urlTemplate":"https:\/\/www.beyondsoft.com\/br\/?s={search_term_string}"},"query-input":{"@type":"PropertyValueSpecification","valueRequired":true,"valueName":"search_term_string"}}],"inLanguage":"pt-BR"},{"@type":"Organization","@id":"https:\/\/www.beyondsoft.com\/br\/#organization","name":"Beyondsoft Brasil","url":"https:\/\/www.beyondsoft.com\/br\/","logo":{"@type":"ImageObject","inLanguage":"pt-BR","@id":"https:\/\/www.beyondsoft.com\/br\/#\/schema\/logo\/image\/","url":"https:\/\/www.beyondsoft.com\/br\/wp-content\/uploads\/sites\/5\/2024\/03\/cropped-bci-logo.png","contentUrl":"https:\/\/www.beyondsoft.com\/br\/wp-content\/uploads\/sites\/5\/2024\/03\/cropped-bci-logo.png","width":758,"height":200,"caption":"Beyondsoft Brasil"},"image":{"@id":"https:\/\/www.beyondsoft.com\/br\/#\/schema\/logo\/image\/"},"sameAs":["https:\/\/www.linkedin.com\/company\/beyondsoftbrasil"]}]}},"_links":{"self":[{"href":"https:\/\/www.beyondsoft.com\/br\/wp-json\/wp\/v2\/pages\/370","targetHints":{"allow":["GET"]}}],"collection":[{"href":"https:\/\/www.beyondsoft.com\/br\/wp-json\/wp\/v2\/pages"}],"about":[{"href":"https:\/\/www.beyondsoft.com\/br\/wp-json\/wp\/v2\/types\/page"}],"author":[{"embeddable":true,"href":"https:\/\/www.beyondsoft.com\/br\/wp-json\/wp\/v2\/users\/61"}],"replies":[{"embeddable":true,"href":"https:\/\/www.beyondsoft.com\/br\/wp-json\/wp\/v2\/comments?post=370"}],"version-history":[{"count":80,"href":"https:\/\/www.beyondsoft.com\/br\/wp-json\/wp\/v2\/pages\/370\/revisions"}],"predecessor-version":[{"id":1046065,"href":"https:\/\/www.beyondsoft.com\/br\/wp-json\/wp\/v2\/pages\/370\/revisions\/1046065"}],"wp:attachment":[{"href":"https:\/\/www.beyondsoft.com\/br\/wp-json\/wp\/v2\/media?parent=370"}],"curies":[{"name":"wp","href":"https:\/\/api.w.org\/{rel}","templated":true}]}}