{"id":376,"date":"2023-11-28T10:41:39","date_gmt":"2023-11-28T10:41:39","guid":{"rendered":"https:\/\/env-beyondsoftconsultinginc-development.kinsta.cloud\/?page_id=376"},"modified":"2026-03-25T15:22:16","modified_gmt":"2026-03-25T15:22:16","slug":"carreira","status":"publish","type":"page","link":"https:\/\/www.beyondsoft.com\/br\/carreira\/","title":{"rendered":"Carreira e jornada na Beyondsoft Brasil"},"content":{"rendered":"\n<div class=\"wp-block-cover alignfull is-light has-black-color has-text-color has-link-color wp-elements-e9bdce4b9709d4397c117a4828a972e8\"><img loading=\"lazy\" decoding=\"async\" width=\"1024\" height=\"336\" class=\"wp-block-cover__image-background wp-image-1046062 size-large\" alt=\"\" src=\"https:\/\/www.beyondsoft.com\/br\/wp-content\/uploads\/sites\/5\/2026\/03\/bg-dei-1024x336.webp\" data-object-fit=\"cover\" srcset=\"https:\/\/www.beyondsoft.com\/br\/wp-content\/uploads\/sites\/5\/2026\/03\/bg-dei-1024x336.webp 1024w, https:\/\/www.beyondsoft.com\/br\/wp-content\/uploads\/sites\/5\/2026\/03\/bg-dei-300x98.webp 300w, https:\/\/www.beyondsoft.com\/br\/wp-content\/uploads\/sites\/5\/2026\/03\/bg-dei-768x252.webp 768w, https:\/\/www.beyondsoft.com\/br\/wp-content\/uploads\/sites\/5\/2026\/03\/bg-dei-640x210.webp 640w, https:\/\/www.beyondsoft.com\/br\/wp-content\/uploads\/sites\/5\/2026\/03\/bg-dei-385x126.webp 385w, https:\/\/www.beyondsoft.com\/br\/wp-content\/uploads\/sites\/5\/2026\/03\/bg-dei.webp 1526w\" sizes=\"auto, (max-width: 1024px) 100vw, 1024px\" \/><span aria-hidden=\"true\" class=\"wp-block-cover__background has-background-dim-0 has-background-dim\" style=\"background-color:#b5aeef\"><\/span><div class=\"wp-block-cover__inner-container is-layout-flow wp-block-cover-is-layout-flow\">\n<div class=\"wp-block-media-text has-media-on-the-right\"><div class=\"wp-block-media-text__content\">\n<h1 class=\"wp-block-heading\">Carreira e Jornada na Beyondsoft Brasil<\/h1>\n\n\n\n<p>Somos uma empresa de servi\u00e7o e todo o nosso diferencial se deve as pessoas que trabalham aqui. Nosso time tem o conhecimento, a lideran\u00e7a e o talento necess\u00e1rio para apoiar os clientes nas necessidades de inova\u00e7\u00e3o em tecnologia.&nbsp;<\/p>\n\n\n\n<div class=\"wp-block-buttons is-layout-flex wp-block-buttons-is-layout-flex\">\n<div class=\"wp-block-button\"><a class=\"wp-block-button__link has-white-color has-blue-2-background-color has-text-color has-background has-link-color wp-element-button\" href=\"https:\/\/beyondsoftbr.freshteam.com\/jobs\">Confira nossas vagas<\/a><\/div>\n<\/div>\n<\/div><figure class=\"wp-block-media-text__media\"><img loading=\"lazy\" decoding=\"async\" width=\"724\" height=\"499\" src=\"https:\/\/www.beyondsoft.com\/br\/wp-content\/uploads\/sites\/5\/2026\/03\/life0.jpg\" alt=\"\" class=\"wp-image-1046061 size-full\" srcset=\"https:\/\/www.beyondsoft.com\/br\/wp-content\/uploads\/sites\/5\/2026\/03\/life0.jpg 724w, https:\/\/www.beyondsoft.com\/br\/wp-content\/uploads\/sites\/5\/2026\/03\/life0-300x207.jpg 300w, https:\/\/www.beyondsoft.com\/br\/wp-content\/uploads\/sites\/5\/2026\/03\/life0-640x441.jpg 640w, https:\/\/www.beyondsoft.com\/br\/wp-content\/uploads\/sites\/5\/2026\/03\/life0-296x204.jpg 296w\" sizes=\"auto, (max-width: 724px) 100vw, 724px\" \/><\/figure><\/div>\n\n\n\n<div style=\"height:100px\" aria-hidden=\"true\" class=\"wp-block-spacer\"><\/div>\n<\/div><\/div>\n\n\n\n<div class=\"wp-block-group alignfull banner has-white-color has-text-color has-background has-link-color wp-elements-143d5d0a0b3fb28606ebf21389e63477\" style=\"background:linear-gradient(135deg,rgb(9,34,95) 0%,rgb(59,175,201) 100%)\"><div class=\"wp-block-group__inner-container is-layout-constrained wp-block-group-is-layout-constrained\">\n<div style=\"height:150px\" aria-hidden=\"true\" class=\"wp-block-spacer\"><\/div>\n\n\n\n<h6 class=\"wp-block-heading has-text-align-center\">Uma mensagem<\/h6>\n\n\n\n<h2 class=\"wp-block-heading has-text-align-center\">da lideran\u00e7a<\/h2>\n\n\n\n<p class=\"has-text-align-center has-medium-font-size\">&#8220;Acreditamos que colabora\u00e7\u00e3o, transpar\u00eancia e responsabilidade s\u00e3o os valores que norteiam nosso neg\u00f3cio, nossa entrega e nossa marca. Atuamos com foco no trabalho em conjunto com nossos pares e clientes para garantir a excel\u00eancia em tudo o que fazemos. E, nossos colaboradores s\u00e3o ponta de lan\u00e7a nesse processo.&#8221; <\/p>\n\n\n\n<div style=\"height:150px\" aria-hidden=\"true\" class=\"wp-block-spacer\"><\/div>\n<\/div><\/div>\n\n\n\n<div class=\"wp-block-group alignfull banner carreira-certificados has-white-color has-text-color has-background has-link-color wp-elements-ddd9c8b94596243f758d5ae794d05ad5\" style=\"background:linear-gradient(135deg,rgb(59,175,201) 0%,rgb(9,34,95) 100%)\"><div class=\"wp-block-group__inner-container is-layout-constrained wp-block-group-is-layout-constrained\">\n<div style=\"height:150px\" aria-hidden=\"true\" class=\"wp-block-spacer\"><\/div>\n\n\n\n<div class=\"wp-block-columns is-layout-flex wp-container-core-columns-is-layout-9d6595d7 wp-block-columns-is-layout-flex\">\n<div class=\"wp-block-column is-layout-flow wp-block-column-is-layout-flow\">\n<h2 class=\"wp-block-heading has-text-align-center\">Somos certificados pelo GPTW por 3 anos<\/h2>\n<\/div>\n\n\n\n<div class=\"wp-block-column is-layout-flow wp-block-column-is-layout-flow\">\n<figure class=\"wp-block-gallery has-nested-images columns-3 is-cropped wp-block-gallery-1 is-layout-flex wp-block-gallery-is-layout-flex\">\n<figure class=\"wp-block-image size-full\"><img loading=\"lazy\" decoding=\"async\" width=\"215\" height=\"311\" data-id=\"1045422\" src=\"https:\/\/www.beyondsoft.com\/br\/wp-content\/uploads\/sites\/5\/2025\/07\/gptw-3.png\" alt=\"\" class=\"wp-image-1045422\" srcset=\"https:\/\/www.beyondsoft.com\/br\/wp-content\/uploads\/sites\/5\/2025\/07\/gptw-3.png 215w, https:\/\/www.beyondsoft.com\/br\/wp-content\/uploads\/sites\/5\/2025\/07\/gptw-3-207x300.png 207w, https:\/\/www.beyondsoft.com\/br\/wp-content\/uploads\/sites\/5\/2025\/07\/gptw-3-141x204.png 141w\" sizes=\"auto, (max-width: 215px) 100vw, 215px\" \/><\/figure>\n\n\n\n<figure class=\"wp-block-image size-full\"><img loading=\"lazy\" decoding=\"async\" width=\"217\" height=\"312\" data-id=\"1045423\" src=\"https:\/\/www.beyondsoft.com\/br\/wp-content\/uploads\/sites\/5\/2025\/07\/gptw-1.png\" alt=\"\" class=\"wp-image-1045423\" srcset=\"https:\/\/www.beyondsoft.com\/br\/wp-content\/uploads\/sites\/5\/2025\/07\/gptw-1.png 217w, https:\/\/www.beyondsoft.com\/br\/wp-content\/uploads\/sites\/5\/2025\/07\/gptw-1-209x300.png 209w, https:\/\/www.beyondsoft.com\/br\/wp-content\/uploads\/sites\/5\/2025\/07\/gptw-1-142x204.png 142w\" sizes=\"auto, (max-width: 217px) 100vw, 217px\" \/><\/figure>\n\n\n\n<figure class=\"wp-block-image size-full\"><img loading=\"lazy\" decoding=\"async\" width=\"216\" height=\"311\" data-id=\"1045421\" src=\"https:\/\/www.beyondsoft.com\/br\/wp-content\/uploads\/sites\/5\/2025\/07\/gptw-2.png\" alt=\"\" class=\"wp-image-1045421\" srcset=\"https:\/\/www.beyondsoft.com\/br\/wp-content\/uploads\/sites\/5\/2025\/07\/gptw-2.png 216w, https:\/\/www.beyondsoft.com\/br\/wp-content\/uploads\/sites\/5\/2025\/07\/gptw-2-208x300.png 208w, https:\/\/www.beyondsoft.com\/br\/wp-content\/uploads\/sites\/5\/2025\/07\/gptw-2-142x204.png 142w\" sizes=\"auto, (max-width: 216px) 100vw, 216px\" \/><\/figure>\n<\/figure>\n<\/div>\n<\/div>\n\n\n\n<div style=\"height:150px\" aria-hidden=\"true\" class=\"wp-block-spacer\"><\/div>\n<\/div><\/div>\n\n\n\n<div class=\"wp-block-group alignfull banner carreira-certificados has-white-color has-text-color has-background has-link-color wp-elements-ac58c28323e8ed2ef6749fc55af7242f\" style=\"background:linear-gradient(135deg,rgb(9,34,95) 0%,rgb(59,175,201) 100%)\"><div class=\"wp-block-group__inner-container is-layout-constrained wp-block-group-is-layout-constrained\">\n<div style=\"height:150px\" aria-hidden=\"true\" class=\"wp-block-spacer\"><\/div>\n\n\n\n<div class=\"wp-block-columns is-layout-flex wp-container-core-columns-is-layout-9d6595d7 wp-block-columns-is-layout-flex\">\n<div class=\"wp-block-column is-layout-flow wp-block-column-is-layout-flow\">\n<h2 class=\"wp-block-heading has-text-align-center\">E como melhor empresa para se trabalhar no Rio de Janeiro<\/h2>\n<\/div>\n\n\n\n<div class=\"wp-block-column is-layout-flow wp-block-column-is-layout-flow\"><div class=\"wp-block-image\">\n<figure class=\"aligncenter size-full is-resized\"><img loading=\"lazy\" decoding=\"async\" width=\"901\" height=\"901\" src=\"https:\/\/www.beyondsoft.com\/br\/wp-content\/uploads\/sites\/5\/2025\/07\/melhores-empresas-rio.png\" alt=\"\" class=\"wp-image-1045389\" style=\"width:350px\" srcset=\"https:\/\/www.beyondsoft.com\/br\/wp-content\/uploads\/sites\/5\/2025\/07\/melhores-empresas-rio.png 901w, https:\/\/www.beyondsoft.com\/br\/wp-content\/uploads\/sites\/5\/2025\/07\/melhores-empresas-rio-300x300.png 300w, https:\/\/www.beyondsoft.com\/br\/wp-content\/uploads\/sites\/5\/2025\/07\/melhores-empresas-rio-150x150.png 150w, https:\/\/www.beyondsoft.com\/br\/wp-content\/uploads\/sites\/5\/2025\/07\/melhores-empresas-rio-768x768.png 768w, https:\/\/www.beyondsoft.com\/br\/wp-content\/uploads\/sites\/5\/2025\/07\/melhores-empresas-rio-450x450.png 450w, https:\/\/www.beyondsoft.com\/br\/wp-content\/uploads\/sites\/5\/2025\/07\/melhores-empresas-rio-204x204.png 204w\" sizes=\"auto, (max-width: 901px) 100vw, 901px\" \/><\/figure>\n<\/div><\/div>\n<\/div>\n\n\n\n<div style=\"height:150px\" aria-hidden=\"true\" class=\"wp-block-spacer\"><\/div>\n<\/div><\/div>\n\n\n\n<div class=\"wp-block-group alignfull has-background\" style=\"background:linear-gradient(0deg,rgb(214,221,225) 0%,rgb(255,255,255) 51%)\"><div class=\"wp-block-group__inner-container is-layout-constrained wp-block-group-is-layout-constrained\">\n<div style=\"height:100px\" aria-hidden=\"true\" class=\"wp-block-spacer\"><\/div>\n\n\n\n<div class=\"wp-block-group\"><div class=\"wp-block-group__inner-container is-layout-constrained wp-block-group-is-layout-constrained\">\n<div class=\"wp-block-media-text has-media-on-the-right\"><div class=\"wp-block-media-text__content\">\n<h2 class=\"wp-block-heading has-text-align-right\">Nosso time faz a diferen\u00e7a<\/h2>\n\n\n\n<p class=\"has-text-align-right\">\u00c9 por isso que priorizamos e apoiamos nossos colaboradores a aprender e colaborar juntos, para que possamos ir al\u00e9m, em qualidade e expertise. Nossa cultura empresarial incorpora o conhecimento e o crescimento cont\u00ednuo com foco na satisfa\u00e7\u00e3o dos colaboradores e no equil\u00edbrio entre vida pessoal e profissional. <\/p>\n\n\n\n<div class=\"wp-block-buttons is-content-justification-right is-layout-flex wp-container-core-buttons-is-layout-765c4724 wp-block-buttons-is-layout-flex\">\n<div class=\"wp-block-button\"><a class=\"wp-block-button__link has-white-color has-blue-2-background-color has-text-color has-background has-link-color wp-element-button\" href=\"https:\/\/beyondsoftbr.freshteam.com\/jobs\">Confira nossas vagas<\/a><\/div>\n<\/div>\n<\/div><figure class=\"wp-block-media-text__media\"><img loading=\"lazy\" decoding=\"async\" width=\"733\" height=\"488\" src=\"https:\/\/www.beyondsoft.com\/br\/wp-content\/uploads\/sites\/5\/2026\/03\/life1.jpg\" alt=\"\" class=\"wp-image-1046059 size-full\" srcset=\"https:\/\/www.beyondsoft.com\/br\/wp-content\/uploads\/sites\/5\/2026\/03\/life1.jpg 733w, https:\/\/www.beyondsoft.com\/br\/wp-content\/uploads\/sites\/5\/2026\/03\/life1-300x200.jpg 300w, https:\/\/www.beyondsoft.com\/br\/wp-content\/uploads\/sites\/5\/2026\/03\/life1-640x426.jpg 640w, https:\/\/www.beyondsoft.com\/br\/wp-content\/uploads\/sites\/5\/2026\/03\/life1-306x204.jpg 306w\" sizes=\"auto, (max-width: 733px) 100vw, 733px\" \/><\/figure><\/div>\n\n\n\n<div class=\"wp-block-media-text\"><figure class=\"wp-block-media-text__media\"><img loading=\"lazy\" decoding=\"async\" width=\"719\" height=\"487\" src=\"https:\/\/www.beyondsoft.com\/br\/wp-content\/uploads\/sites\/5\/2026\/03\/life2.jpg\" alt=\"\" class=\"wp-image-1046060 size-full\" srcset=\"https:\/\/www.beyondsoft.com\/br\/wp-content\/uploads\/sites\/5\/2026\/03\/life2.jpg 719w, https:\/\/www.beyondsoft.com\/br\/wp-content\/uploads\/sites\/5\/2026\/03\/life2-300x203.jpg 300w, https:\/\/www.beyondsoft.com\/br\/wp-content\/uploads\/sites\/5\/2026\/03\/life2-640x433.jpg 640w, https:\/\/www.beyondsoft.com\/br\/wp-content\/uploads\/sites\/5\/2026\/03\/life2-301x204.jpg 301w\" sizes=\"auto, (max-width: 719px) 100vw, 719px\" \/><\/figure><div class=\"wp-block-media-text__content\">\n<h2 class=\"wp-block-heading has-text-align-right\">Juntos somos mais fortes<\/h2>\n\n\n\n<p class=\"has-text-align-right\">Entendemos que o trabalho colaborativo traz benef\u00edcios para todos, pois al\u00e9m de ajudar na jornada, gera la\u00e7os de confian\u00e7a entre as pessoas. Somos uma empresa que valoriza a comunica\u00e7\u00e3o, a transpar\u00eancia e o cuidado com o colaborador. Temos um time de gest\u00e3o ativo e uma \u00e1rea de Recursos Humanos que est\u00e1 sempre pronta a atender a todos. Queremos que as pessoas se sintam conectadas, engajadas e apoiadas, essa \u00e9 a nossa miss\u00e3o, e temos muito orgulho dela.&nbsp;<\/p>\n\n\n\n<div class=\"wp-block-buttons is-content-justification-right is-layout-flex wp-container-core-buttons-is-layout-765c4724 wp-block-buttons-is-layout-flex\">\n<div class=\"wp-block-button\"><a class=\"wp-block-button__link has-white-color has-blue-2-background-color has-text-color has-background has-link-color wp-element-button\" href=\"https:\/\/beyondsoftbr.freshteam.com\/jobs\">Confira nossas vagas<\/a><\/div>\n<\/div>\n<\/div><\/div>\n\n\n\n<div style=\"height:100px\" aria-hidden=\"true\" class=\"wp-block-spacer\"><\/div>\n<\/div><\/div>\n<\/div><\/div>\n\n\n\n<div class=\"wp-block-group\"><div class=\"wp-block-group__inner-container is-layout-constrained wp-block-group-is-layout-constrained\">\n<div style=\"height:100px\" aria-hidden=\"true\" class=\"wp-block-spacer\"><\/div>\n\n\n\n<h6 class=\"wp-block-heading has-text-align-center\" style=\"text-transform:uppercase\">Explore as nossas oportunidades<\/h6>\n\n\n\n<div class=\"wp-block-buttons is-content-justification-center is-layout-flex wp-container-core-buttons-is-layout-16018d1d wp-block-buttons-is-layout-flex\">\n<div class=\"wp-block-button\"><a class=\"wp-block-button__link has-blue-2-background-color has-background has-text-align-center wp-element-button\" href=\"https:\/\/beyondsoftbr.freshteam.com\/jobs\">Confira nossas vagas<\/a><\/div>\n<\/div>\n<\/div><\/div>\n","protected":false},"excerpt":{"rendered":"<p>Uma mensagem da lideran\u00e7a &#8220;Acreditamos que colabora\u00e7\u00e3o, transpar\u00eancia e responsabilidade s\u00e3o os valores que norteiam nosso neg\u00f3cio, nossa entrega e nossa marca. Atuamos com foco no trabalho em conjunto com nossos pares e clientes para garantir a excel\u00eancia em tudo o que fazemos. E, nossos colaboradores s\u00e3o ponta de lan\u00e7a nesse processo.&#8221; Somos certificados pelo [&hellip;]<\/p>\n","protected":false},"author":61,"featured_media":0,"parent":0,"menu_order":0,"comment_status":"closed","ping_status":"closed","template":"no-title.php","meta":{"footnotes":""},"class_list":["post-376","page","type-page","status-publish","hentry"],"yoast_head":"<!-- This site is optimized with the Yoast SEO plugin v27.2 - https:\/\/yoast.com\/product\/yoast-seo-wordpress\/ -->\n<title>Carreira e jornada na Beyondsoft Brasil - Beyondsoft Brasil<\/title>\n<meta name=\"description\" content=\"Carreira e Jornada na Beyondsoft BrasilSomos uma empresa de servi\u00e7o e todo o nosso diferencial se deve as pessoas que trabalham aqui\" \/>\n<meta name=\"robots\" content=\"index, follow, max-snippet:-1, max-image-preview:large, max-video-preview:-1\" \/>\n<link rel=\"canonical\" href=\"https:\/\/www.beyondsoft.com\/br\/carreira\/\" \/>\n<meta property=\"og:locale\" content=\"pt_BR\" \/>\n<meta property=\"og:type\" content=\"article\" \/>\n<meta property=\"og:title\" content=\"Carreira e jornada na Beyondsoft Brasil - Beyondsoft Brasil\" \/>\n<meta property=\"og:description\" content=\"Carreira e Jornada na Beyondsoft BrasilSomos uma empresa de servi\u00e7o e todo o nosso diferencial se deve as pessoas que trabalham aqui\" \/>\n<meta property=\"og:url\" content=\"https:\/\/www.beyondsoft.com\/br\/carreira\/\" \/>\n<meta property=\"og:site_name\" content=\"Beyondsoft Brasil\" \/>\n<meta property=\"article:modified_time\" content=\"2026-03-25T15:22:16+00:00\" \/>\n<meta property=\"og:image\" content=\"https:\/\/www.beyondsoft.com\/br\/wp-content\/uploads\/sites\/5\/2026\/03\/bg-dei.webp\" \/>\n\t<meta property=\"og:image:width\" content=\"1526\" \/>\n\t<meta property=\"og:image:height\" content=\"500\" \/>\n\t<meta property=\"og:image:type\" content=\"image\/webp\" \/>\n<meta name=\"twitter:card\" content=\"summary_large_image\" \/>\n<meta name=\"twitter:label1\" content=\"Est. tempo de leitura\" \/>\n\t<meta name=\"twitter:data1\" content=\"4 minutos\" \/>\n<script type=\"application\/ld+json\" class=\"yoast-schema-graph\">{\"@context\":\"https:\/\/schema.org\",\"@graph\":[{\"@type\":\"WebPage\",\"@id\":\"https:\/\/www.beyondsoft.com\/br\/carreira\/\",\"url\":\"https:\/\/www.beyondsoft.com\/br\/carreira\/\",\"name\":\"Carreira e jornada na Beyondsoft Brasil - Beyondsoft Brasil\",\"isPartOf\":{\"@id\":\"https:\/\/www.beyondsoft.com\/br\/#website\"},\"primaryImageOfPage\":{\"@id\":\"https:\/\/www.beyondsoft.com\/br\/carreira\/#primaryimage\"},\"image\":{\"@id\":\"https:\/\/www.beyondsoft.com\/br\/carreira\/#primaryimage\"},\"thumbnailUrl\":\"https:\/\/www.beyondsoft.com\/br\/wp-content\/uploads\/sites\/5\/2026\/03\/bg-dei-1024x336.webp\",\"datePublished\":\"2023-11-28T10:41:39+00:00\",\"dateModified\":\"2026-03-25T15:22:16+00:00\",\"description\":\"Carreira e Jornada na Beyondsoft BrasilSomos uma empresa de servi\u00e7o e todo o nosso diferencial se deve as pessoas que trabalham aqui\",\"breadcrumb\":{\"@id\":\"https:\/\/www.beyondsoft.com\/br\/carreira\/#breadcrumb\"},\"inLanguage\":\"pt-BR\",\"potentialAction\":[{\"@type\":\"ReadAction\",\"target\":[\"https:\/\/www.beyondsoft.com\/br\/carreira\/\"]}]},{\"@type\":\"ImageObject\",\"inLanguage\":\"pt-BR\",\"@id\":\"https:\/\/www.beyondsoft.com\/br\/carreira\/#primaryimage\",\"url\":\"https:\/\/www.beyondsoft.com\/br\/wp-content\/uploads\/sites\/5\/2026\/03\/bg-dei.webp\",\"contentUrl\":\"https:\/\/www.beyondsoft.com\/br\/wp-content\/uploads\/sites\/5\/2026\/03\/bg-dei.webp\",\"width\":1526,\"height\":500},{\"@type\":\"BreadcrumbList\",\"@id\":\"https:\/\/www.beyondsoft.com\/br\/carreira\/#breadcrumb\",\"itemListElement\":[{\"@type\":\"ListItem\",\"position\":1,\"name\":\"In\u00edcio\",\"item\":\"https:\/\/www.beyondsoft.com\/br\/\"},{\"@type\":\"ListItem\",\"position\":2,\"name\":\"Carreira e jornada na Beyondsoft Brasil\"}]},{\"@type\":\"WebSite\",\"@id\":\"https:\/\/www.beyondsoft.com\/br\/#website\",\"url\":\"https:\/\/www.beyondsoft.com\/br\/\",\"name\":\"Beyondsoft Brasil\",\"description\":\"Beyond your expectations\",\"publisher\":{\"@id\":\"https:\/\/www.beyondsoft.com\/br\/#organization\"},\"potentialAction\":[{\"@type\":\"SearchAction\",\"target\":{\"@type\":\"EntryPoint\",\"urlTemplate\":\"https:\/\/www.beyondsoft.com\/br\/?s={search_term_string}\"},\"query-input\":{\"@type\":\"PropertyValueSpecification\",\"valueRequired\":true,\"valueName\":\"search_term_string\"}}],\"inLanguage\":\"pt-BR\"},{\"@type\":\"Organization\",\"@id\":\"https:\/\/www.beyondsoft.com\/br\/#organization\",\"name\":\"Beyondsoft Brasil\",\"url\":\"https:\/\/www.beyondsoft.com\/br\/\",\"logo\":{\"@type\":\"ImageObject\",\"inLanguage\":\"pt-BR\",\"@id\":\"https:\/\/www.beyondsoft.com\/br\/#\/schema\/logo\/image\/\",\"url\":\"https:\/\/www.beyondsoft.com\/br\/wp-content\/uploads\/sites\/5\/2024\/03\/cropped-bci-logo.png\",\"contentUrl\":\"https:\/\/www.beyondsoft.com\/br\/wp-content\/uploads\/sites\/5\/2024\/03\/cropped-bci-logo.png\",\"width\":758,\"height\":200,\"caption\":\"Beyondsoft Brasil\"},\"image\":{\"@id\":\"https:\/\/www.beyondsoft.com\/br\/#\/schema\/logo\/image\/\"},\"sameAs\":[\"https:\/\/www.linkedin.com\/company\/beyondsoftbrasil\"]}]}<\/script>\n<!-- \/ Yoast SEO plugin. -->","yoast_head_json":{"title":"Carreira e jornada na Beyondsoft Brasil - Beyondsoft Brasil","description":"Carreira e Jornada na Beyondsoft BrasilSomos uma empresa de servi\u00e7o e todo o nosso diferencial se deve as pessoas que trabalham aqui","robots":{"index":"index","follow":"follow","max-snippet":"max-snippet:-1","max-image-preview":"max-image-preview:large","max-video-preview":"max-video-preview:-1"},"canonical":"https:\/\/www.beyondsoft.com\/br\/carreira\/","og_locale":"pt_BR","og_type":"article","og_title":"Carreira e jornada na Beyondsoft Brasil - Beyondsoft Brasil","og_description":"Carreira e Jornada na Beyondsoft BrasilSomos uma empresa de servi\u00e7o e todo o nosso diferencial se deve as pessoas que trabalham aqui","og_url":"https:\/\/www.beyondsoft.com\/br\/carreira\/","og_site_name":"Beyondsoft Brasil","article_modified_time":"2026-03-25T15:22:16+00:00","og_image":[{"width":1526,"height":500,"url":"https:\/\/www.beyondsoft.com\/br\/wp-content\/uploads\/sites\/5\/2026\/03\/bg-dei.webp","type":"image\/webp"}],"twitter_card":"summary_large_image","twitter_misc":{"Est. tempo de leitura":"4 minutos"},"schema":{"@context":"https:\/\/schema.org","@graph":[{"@type":"WebPage","@id":"https:\/\/www.beyondsoft.com\/br\/carreira\/","url":"https:\/\/www.beyondsoft.com\/br\/carreira\/","name":"Carreira e jornada na Beyondsoft Brasil - Beyondsoft Brasil","isPartOf":{"@id":"https:\/\/www.beyondsoft.com\/br\/#website"},"primaryImageOfPage":{"@id":"https:\/\/www.beyondsoft.com\/br\/carreira\/#primaryimage"},"image":{"@id":"https:\/\/www.beyondsoft.com\/br\/carreira\/#primaryimage"},"thumbnailUrl":"https:\/\/www.beyondsoft.com\/br\/wp-content\/uploads\/sites\/5\/2026\/03\/bg-dei-1024x336.webp","datePublished":"2023-11-28T10:41:39+00:00","dateModified":"2026-03-25T15:22:16+00:00","description":"Carreira e Jornada na Beyondsoft BrasilSomos uma empresa de servi\u00e7o e todo o nosso diferencial se deve as pessoas que trabalham aqui","breadcrumb":{"@id":"https:\/\/www.beyondsoft.com\/br\/carreira\/#breadcrumb"},"inLanguage":"pt-BR","potentialAction":[{"@type":"ReadAction","target":["https:\/\/www.beyondsoft.com\/br\/carreira\/"]}]},{"@type":"ImageObject","inLanguage":"pt-BR","@id":"https:\/\/www.beyondsoft.com\/br\/carreira\/#primaryimage","url":"https:\/\/www.beyondsoft.com\/br\/wp-content\/uploads\/sites\/5\/2026\/03\/bg-dei.webp","contentUrl":"https:\/\/www.beyondsoft.com\/br\/wp-content\/uploads\/sites\/5\/2026\/03\/bg-dei.webp","width":1526,"height":500},{"@type":"BreadcrumbList","@id":"https:\/\/www.beyondsoft.com\/br\/carreira\/#breadcrumb","itemListElement":[{"@type":"ListItem","position":1,"name":"In\u00edcio","item":"https:\/\/www.beyondsoft.com\/br\/"},{"@type":"ListItem","position":2,"name":"Carreira e jornada na Beyondsoft Brasil"}]},{"@type":"WebSite","@id":"https:\/\/www.beyondsoft.com\/br\/#website","url":"https:\/\/www.beyondsoft.com\/br\/","name":"Beyondsoft Brasil","description":"Beyond your expectations","publisher":{"@id":"https:\/\/www.beyondsoft.com\/br\/#organization"},"potentialAction":[{"@type":"SearchAction","target":{"@type":"EntryPoint","urlTemplate":"https:\/\/www.beyondsoft.com\/br\/?s={search_term_string}"},"query-input":{"@type":"PropertyValueSpecification","valueRequired":true,"valueName":"search_term_string"}}],"inLanguage":"pt-BR"},{"@type":"Organization","@id":"https:\/\/www.beyondsoft.com\/br\/#organization","name":"Beyondsoft Brasil","url":"https:\/\/www.beyondsoft.com\/br\/","logo":{"@type":"ImageObject","inLanguage":"pt-BR","@id":"https:\/\/www.beyondsoft.com\/br\/#\/schema\/logo\/image\/","url":"https:\/\/www.beyondsoft.com\/br\/wp-content\/uploads\/sites\/5\/2024\/03\/cropped-bci-logo.png","contentUrl":"https:\/\/www.beyondsoft.com\/br\/wp-content\/uploads\/sites\/5\/2024\/03\/cropped-bci-logo.png","width":758,"height":200,"caption":"Beyondsoft Brasil"},"image":{"@id":"https:\/\/www.beyondsoft.com\/br\/#\/schema\/logo\/image\/"},"sameAs":["https:\/\/www.linkedin.com\/company\/beyondsoftbrasil"]}]}},"_links":{"self":[{"href":"https:\/\/www.beyondsoft.com\/br\/wp-json\/wp\/v2\/pages\/376","targetHints":{"allow":["GET"]}}],"collection":[{"href":"https:\/\/www.beyondsoft.com\/br\/wp-json\/wp\/v2\/pages"}],"about":[{"href":"https:\/\/www.beyondsoft.com\/br\/wp-json\/wp\/v2\/types\/page"}],"author":[{"embeddable":true,"href":"https:\/\/www.beyondsoft.com\/br\/wp-json\/wp\/v2\/users\/61"}],"replies":[{"embeddable":true,"href":"https:\/\/www.beyondsoft.com\/br\/wp-json\/wp\/v2\/comments?post=376"}],"version-history":[{"count":19,"href":"https:\/\/www.beyondsoft.com\/br\/wp-json\/wp\/v2\/pages\/376\/revisions"}],"predecessor-version":[{"id":1046064,"href":"https:\/\/www.beyondsoft.com\/br\/wp-json\/wp\/v2\/pages\/376\/revisions\/1046064"}],"wp:attachment":[{"href":"https:\/\/www.beyondsoft.com\/br\/wp-json\/wp\/v2\/media?parent=376"}],"curies":[{"name":"wp","href":"https:\/\/api.w.org\/{rel}","templated":true}]}}