{"id":77,"date":"2023-10-30T11:40:27","date_gmt":"2023-10-30T11:40:27","guid":{"rendered":"https:\/\/env-beyondsoftconsultinginc-development.kinsta.cloud\/?page_id=77"},"modified":"2026-03-25T15:14:34","modified_gmt":"2026-03-25T15:14:34","slug":"sobre-beyondsoft","status":"publish","type":"page","link":"https:\/\/www.beyondsoft.com\/br\/sobre-beyondsoft\/","title":{"rendered":"Porque a Beyondsoft"},"content":{"rendered":"\n<div class=\"wp-block-cover alignfull is-light\"><img loading=\"lazy\" decoding=\"async\" width=\"1024\" height=\"436\" class=\"wp-block-cover__image-background wp-image-1046046 size-large\" alt=\"\" src=\"https:\/\/www.beyondsoft.com\/br\/wp-content\/uploads\/sites\/5\/2026\/03\/bg-why-bys-1024x436.webp\" data-object-fit=\"cover\" srcset=\"https:\/\/www.beyondsoft.com\/br\/wp-content\/uploads\/sites\/5\/2026\/03\/bg-why-bys-1024x436.webp 1024w, https:\/\/www.beyondsoft.com\/br\/wp-content\/uploads\/sites\/5\/2026\/03\/bg-why-bys-300x128.webp 300w, https:\/\/www.beyondsoft.com\/br\/wp-content\/uploads\/sites\/5\/2026\/03\/bg-why-bys-768x327.webp 768w, https:\/\/www.beyondsoft.com\/br\/wp-content\/uploads\/sites\/5\/2026\/03\/bg-why-bys-640x272.webp 640w, https:\/\/www.beyondsoft.com\/br\/wp-content\/uploads\/sites\/5\/2026\/03\/bg-why-bys-385x164.webp 385w, https:\/\/www.beyondsoft.com\/br\/wp-content\/uploads\/sites\/5\/2026\/03\/bg-why-bys.webp 1528w\" sizes=\"auto, (max-width: 1024px) 100vw, 1024px\" \/><span aria-hidden=\"true\" class=\"wp-block-cover__background has-background-dim-0 has-background-dim\" style=\"background-color:#e4e6f9\"><\/span><div class=\"wp-block-cover__inner-container is-layout-flow wp-block-cover-is-layout-flow\"><div class=\"wp-block-image\">\n<figure class=\"aligncenter size-full\"><img loading=\"lazy\" decoding=\"async\" width=\"888\" height=\"439\" src=\"https:\/\/www.beyondsoft.com\/br\/wp-content\/uploads\/sites\/5\/2023\/12\/pq-beyondsoft.png\" alt=\"\" class=\"wp-image-1043589\" srcset=\"https:\/\/www.beyondsoft.com\/br\/wp-content\/uploads\/sites\/5\/2023\/12\/pq-beyondsoft.png 888w, https:\/\/www.beyondsoft.com\/br\/wp-content\/uploads\/sites\/5\/2023\/12\/pq-beyondsoft-300x148.png 300w, https:\/\/www.beyondsoft.com\/br\/wp-content\/uploads\/sites\/5\/2023\/12\/pq-beyondsoft-768x380.png 768w\" sizes=\"auto, (max-width: 888px) 100vw, 888px\" \/><\/figure>\n<\/div>\n\n\n<div style=\"height:50px\" aria-hidden=\"true\" class=\"wp-block-spacer\"><\/div>\n\n\n\n<div class=\"wp-block-columns justify-text has-light-background-color has-background is-layout-flex wp-container-core-columns-is-layout-9d6595d7 wp-block-columns-is-layout-flex\">\n<div class=\"wp-block-column is-layout-flow wp-block-column-is-layout-flow\">\n<p>Muitos consultores de tecnologia falam sobre a promessa da transforma\u00e7\u00e3o digital, mas poucos a entregam efetivamente. <strong>N\u00f3s fazemos<\/strong>. Com milhares de especialistas locais e globais e com dezenas de centros de entrega espalhadas por quatro continentes, temos os recursos, o conhecimento e a experi\u00eancia para apoi\u00e1-lo.<\/p>\n<\/div>\n\n\n\n<div class=\"wp-block-column is-layout-flow wp-block-column-is-layout-flow\">\n<p>Nosso engajamento \u00e9 constru\u00eddo em torno de ouvi-lo, para que possamos personalizar solu\u00e7\u00f5es para o seu neg\u00f3cio e cronograma. Voc\u00ea questiona, n\u00f3s ouvimos, somos seus aliados para projetar e entregar um modelo de engajamento personalizado e sustent\u00e1vel, baseado em solu\u00e7\u00f5es centradas em pessoas, em pr\u00e1ticas de seguran\u00e7a, governan\u00e7a e por recursos de IA.<\/p>\n<\/div>\n<\/div>\n\n\n\n<div style=\"height:40px\" aria-hidden=\"true\" class=\"wp-block-spacer\"><\/div>\n\n\n\n<div class=\"wp-block-columns justify-text has-light-background-color has-background is-layout-flex wp-container-core-columns-is-layout-9d6595d7 wp-block-columns-is-layout-flex\">\n<div class=\"wp-block-column is-layout-flow wp-block-column-is-layout-flow\">\n<h3 class=\"wp-block-heading\">Nossa miss\u00e3o<\/h3>\n\n\n\n<p>Na Beyondsoft, a nossa miss\u00e3o \u00e9 aproveitar as tecnologias emergentes e um m\u00e9todo de entrega comprovado, permitindo que os nossos clientes adotem uma abordagem \u00e1gil e orientada para o futuro em seus neg\u00f3cios.<\/p>\n<\/div>\n<\/div>\n\n\n\n<div style=\"height:150px\" aria-hidden=\"true\" class=\"wp-block-spacer\"><\/div>\n<\/div><\/div>\n\n\n\n<div class=\"wp-block-cover alignfull our-engagement\"><img loading=\"lazy\" decoding=\"async\" width=\"1024\" height=\"612\" class=\"wp-block-cover__image-background wp-image-1046036 size-large\" alt=\"\" src=\"https:\/\/www.beyondsoft.com\/br\/wp-content\/uploads\/sites\/5\/2026\/03\/bg-engagement-1024x612.webp\" data-object-fit=\"cover\" srcset=\"https:\/\/www.beyondsoft.com\/br\/wp-content\/uploads\/sites\/5\/2026\/03\/bg-engagement-1024x612.webp 1024w, https:\/\/www.beyondsoft.com\/br\/wp-content\/uploads\/sites\/5\/2026\/03\/bg-engagement-300x179.webp 300w, https:\/\/www.beyondsoft.com\/br\/wp-content\/uploads\/sites\/5\/2026\/03\/bg-engagement-768x459.webp 768w, https:\/\/www.beyondsoft.com\/br\/wp-content\/uploads\/sites\/5\/2026\/03\/bg-engagement-1536x918.webp 1536w, https:\/\/www.beyondsoft.com\/br\/wp-content\/uploads\/sites\/5\/2026\/03\/bg-engagement-640x383.webp 640w, https:\/\/www.beyondsoft.com\/br\/wp-content\/uploads\/sites\/5\/2026\/03\/bg-engagement-341x204.webp 341w, https:\/\/www.beyondsoft.com\/br\/wp-content\/uploads\/sites\/5\/2026\/03\/bg-engagement.webp 1920w\" sizes=\"auto, (max-width: 1024px) 100vw, 1024px\" \/><span aria-hidden=\"true\" class=\"wp-block-cover__background has-background-dim-0 has-background-dim\" style=\"background-color:#3178ad\"><\/span><div class=\"wp-block-cover__inner-container is-layout-constrained wp-block-cover-is-layout-constrained\">\n<div style=\"height:150px\" aria-hidden=\"true\" class=\"wp-block-spacer\"><\/div>\n\n\n\n<h2 class=\"wp-block-heading has-text-align-center has-white-color has-text-color\">Nosso modelo de neg\u00f3cio<\/h2>\n\n\n\n<div class=\"wp-block-columns is-layout-flex wp-container-core-columns-is-layout-9d6595d7 wp-block-columns-is-layout-flex\">\n<div class=\"wp-block-column is-layout-flow wp-block-column-is-layout-flow\">\n<figure class=\"wp-block-image size-full\"><img loading=\"lazy\" decoding=\"async\" width=\"250\" height=\"170\" src=\"https:\/\/www.beyondsoft.com\/br\/wp-content\/uploads\/sites\/5\/2026\/03\/why1.jpg\" alt=\"\" class=\"wp-image-1046043\"\/><\/figure>\n\n\n\n<h3 class=\"wp-block-heading has-blue-color has-text-color\">Planejamento estrat\u00e9gico<\/h3>\n\n\n\n<p class=\"has-black-color has-text-color\">Dedicamos tempo para entender a cultura, a prontid\u00e3o tecnol\u00f3gica e as prioridades de neg\u00f3cios da sua equipe para que voc\u00ea possa aproveitar ao m\u00e1ximo seus investimentos.<\/p>\n<\/div>\n\n\n\n<div class=\"wp-block-column is-layout-flow wp-block-column-is-layout-flow\">\n<figure class=\"wp-block-image size-full\"><img loading=\"lazy\" decoding=\"async\" width=\"250\" height=\"170\" src=\"https:\/\/www.beyondsoft.com\/br\/wp-content\/uploads\/sites\/5\/2026\/03\/why2.jpg\" alt=\"\" class=\"wp-image-1046045\"\/><\/figure>\n\n\n\n<h3 class=\"wp-block-heading has-blue-color has-text-color\">Inova\u00e7\u00e3o e ado\u00e7\u00e3o<\/h3>\n\n\n\n<p class=\"has-black-color has-text-color\">Modernizamos suas cargas de trabalho e aplicativos para minimizar riscos, economizar tempo e otimizar custos.<\/p>\n<\/div>\n\n\n\n<div class=\"wp-block-column is-layout-flow wp-block-column-is-layout-flow\">\n<figure class=\"wp-block-image size-full\"><img loading=\"lazy\" decoding=\"async\" width=\"250\" height=\"170\" src=\"https:\/\/www.beyondsoft.com\/br\/wp-content\/uploads\/sites\/5\/2026\/03\/why3.jpg\" alt=\"\" class=\"wp-image-1046044\"\/><\/figure>\n\n\n\n<h3 class=\"wp-block-heading has-blue-color has-text-color\">Seguran\u00e7a e governan\u00e7a<\/h3>\n\n\n\n<p class=\"has-black-color has-text-color\">Aprimoramos sua seguran\u00e7a com recursos de IA que automatizam a detec\u00e7\u00e3o de problemas de seguran\u00e7a e fornecem respostas r\u00e1pidas a consultas de seguran\u00e7a.<\/p>\n<\/div>\n\n\n\n<div class=\"wp-block-column is-layout-flow wp-block-column-is-layout-flow\">\n<figure class=\"wp-block-image size-full\"><img loading=\"lazy\" decoding=\"async\" width=\"250\" height=\"170\" src=\"https:\/\/www.beyondsoft.com\/br\/wp-content\/uploads\/sites\/5\/2026\/03\/why4.jpg\" alt=\"\" class=\"wp-image-1046038\"\/><\/figure>\n\n\n\n<h3 class=\"wp-block-heading has-blue-color has-text-color\">Elite program management<\/h3>\n\n\n\n<p class=\"has-black-color has-text-color\">Lideramos e gerenciamos projetos t\u00e9cnicos e n\u00e3o t\u00e9cnicos com suporte cont\u00ednuo para resolver rapidamente quaisquer problemas.<\/p>\n<\/div>\n<\/div>\n\n\n\n<div style=\"height:100px\" aria-hidden=\"true\" class=\"wp-block-spacer\"><\/div>\n\n\n\n<figure class=\"wp-block-image size-full\"><img loading=\"lazy\" decoding=\"async\" width=\"788\" height=\"211\" src=\"https:\/\/www.beyondsoft.com\/br\/wp-content\/uploads\/sites\/5\/2023\/12\/24x7-pt.png\" alt=\"\" class=\"wp-image-1043598\" srcset=\"https:\/\/www.beyondsoft.com\/br\/wp-content\/uploads\/sites\/5\/2023\/12\/24x7-pt.png 788w, https:\/\/www.beyondsoft.com\/br\/wp-content\/uploads\/sites\/5\/2023\/12\/24x7-pt-300x80.png 300w, https:\/\/www.beyondsoft.com\/br\/wp-content\/uploads\/sites\/5\/2023\/12\/24x7-pt-768x206.png 768w\" sizes=\"auto, (max-width: 788px) 100vw, 788px\" \/><\/figure>\n\n\n\n<div style=\"height:150px\" aria-hidden=\"true\" class=\"wp-block-spacer\"><\/div>\n<\/div><\/div>\n","protected":false},"excerpt":{"rendered":"","protected":false},"author":61,"featured_media":0,"parent":0,"menu_order":0,"comment_status":"closed","ping_status":"closed","template":"","meta":{"footnotes":""},"class_list":["post-77","page","type-page","status-publish","hentry"],"yoast_head":"<!-- This site is optimized with the Yoast SEO plugin v27.2 - https:\/\/yoast.com\/product\/yoast-seo-wordpress\/ -->\n<title>Porque a Beyondsoft - Beyondsoft Brasil<\/title>\n<meta name=\"description\" content=\"Muitos consultores de tecnologia falam sobre a promessa da transforma\u00e7\u00e3o digital, mas poucos a entregam efetivamente. N\u00f3s fazemos. Com milhares de especialistas locais e globais e com dezenas de centros de entrega espalhadas por quatro continentes, temos os recursos, o conhecimento e a experi\u00eancia para apoi\u00e1-lo.\" \/>\n<meta name=\"robots\" content=\"index, follow, max-snippet:-1, max-image-preview:large, max-video-preview:-1\" \/>\n<link rel=\"canonical\" href=\"https:\/\/www.beyondsoft.com\/br\/sobre-beyondsoft\/\" \/>\n<meta property=\"og:locale\" content=\"pt_BR\" \/>\n<meta property=\"og:type\" content=\"article\" \/>\n<meta property=\"og:title\" content=\"Porque a Beyondsoft - Beyondsoft Brasil\" \/>\n<meta property=\"og:description\" content=\"Muitos consultores de tecnologia falam sobre a promessa da transforma\u00e7\u00e3o digital, mas poucos a entregam efetivamente. N\u00f3s fazemos. Com milhares de especialistas locais e globais e com dezenas de centros de entrega espalhadas por quatro continentes, temos os recursos, o conhecimento e a experi\u00eancia para apoi\u00e1-lo.\" \/>\n<meta property=\"og:url\" content=\"https:\/\/www.beyondsoft.com\/br\/sobre-beyondsoft\/\" \/>\n<meta property=\"og:site_name\" content=\"Beyondsoft Brasil\" \/>\n<meta property=\"article:modified_time\" content=\"2026-03-25T15:14:34+00:00\" \/>\n<meta property=\"og:image\" content=\"https:\/\/www.beyondsoft.com\/br\/wp-content\/uploads\/sites\/5\/2026\/03\/bg-why-bys.webp\" \/>\n\t<meta property=\"og:image:width\" content=\"1528\" \/>\n\t<meta property=\"og:image:height\" content=\"650\" \/>\n\t<meta property=\"og:image:type\" content=\"image\/webp\" \/>\n<meta name=\"twitter:card\" content=\"summary_large_image\" \/>\n<meta name=\"twitter:label1\" content=\"Est. tempo de leitura\" \/>\n\t<meta name=\"twitter:data1\" content=\"3 minutos\" \/>\n<script type=\"application\/ld+json\" class=\"yoast-schema-graph\">{\"@context\":\"https:\/\/schema.org\",\"@graph\":[{\"@type\":\"WebPage\",\"@id\":\"https:\/\/www.beyondsoft.com\/br\/sobre-beyondsoft\/\",\"url\":\"https:\/\/www.beyondsoft.com\/br\/sobre-beyondsoft\/\",\"name\":\"Porque a Beyondsoft - Beyondsoft Brasil\",\"isPartOf\":{\"@id\":\"https:\/\/www.beyondsoft.com\/br\/#website\"},\"primaryImageOfPage\":{\"@id\":\"https:\/\/www.beyondsoft.com\/br\/sobre-beyondsoft\/#primaryimage\"},\"image\":{\"@id\":\"https:\/\/www.beyondsoft.com\/br\/sobre-beyondsoft\/#primaryimage\"},\"thumbnailUrl\":\"https:\/\/www.beyondsoft.com\/br\/wp-content\/uploads\/sites\/5\/2026\/03\/bg-why-bys-1024x436.webp\",\"datePublished\":\"2023-10-30T11:40:27+00:00\",\"dateModified\":\"2026-03-25T15:14:34+00:00\",\"description\":\"Muitos consultores de tecnologia falam sobre a promessa da transforma\u00e7\u00e3o digital, mas poucos a entregam efetivamente. N\u00f3s fazemos. Com milhares de especialistas locais e globais e com dezenas de centros de entrega espalhadas por quatro continentes, temos os recursos, o conhecimento e a experi\u00eancia para apoi\u00e1-lo.\",\"breadcrumb\":{\"@id\":\"https:\/\/www.beyondsoft.com\/br\/sobre-beyondsoft\/#breadcrumb\"},\"inLanguage\":\"pt-BR\",\"potentialAction\":[{\"@type\":\"ReadAction\",\"target\":[\"https:\/\/www.beyondsoft.com\/br\/sobre-beyondsoft\/\"]}]},{\"@type\":\"ImageObject\",\"inLanguage\":\"pt-BR\",\"@id\":\"https:\/\/www.beyondsoft.com\/br\/sobre-beyondsoft\/#primaryimage\",\"url\":\"https:\/\/www.beyondsoft.com\/br\/wp-content\/uploads\/sites\/5\/2026\/03\/bg-why-bys.webp\",\"contentUrl\":\"https:\/\/www.beyondsoft.com\/br\/wp-content\/uploads\/sites\/5\/2026\/03\/bg-why-bys.webp\",\"width\":1528,\"height\":650},{\"@type\":\"BreadcrumbList\",\"@id\":\"https:\/\/www.beyondsoft.com\/br\/sobre-beyondsoft\/#breadcrumb\",\"itemListElement\":[{\"@type\":\"ListItem\",\"position\":1,\"name\":\"In\u00edcio\",\"item\":\"https:\/\/www.beyondsoft.com\/br\/\"},{\"@type\":\"ListItem\",\"position\":2,\"name\":\"Porque a Beyondsoft\"}]},{\"@type\":\"WebSite\",\"@id\":\"https:\/\/www.beyondsoft.com\/br\/#website\",\"url\":\"https:\/\/www.beyondsoft.com\/br\/\",\"name\":\"Beyondsoft Brasil\",\"description\":\"Beyond your expectations\",\"publisher\":{\"@id\":\"https:\/\/www.beyondsoft.com\/br\/#organization\"},\"potentialAction\":[{\"@type\":\"SearchAction\",\"target\":{\"@type\":\"EntryPoint\",\"urlTemplate\":\"https:\/\/www.beyondsoft.com\/br\/?s={search_term_string}\"},\"query-input\":{\"@type\":\"PropertyValueSpecification\",\"valueRequired\":true,\"valueName\":\"search_term_string\"}}],\"inLanguage\":\"pt-BR\"},{\"@type\":\"Organization\",\"@id\":\"https:\/\/www.beyondsoft.com\/br\/#organization\",\"name\":\"Beyondsoft Brasil\",\"url\":\"https:\/\/www.beyondsoft.com\/br\/\",\"logo\":{\"@type\":\"ImageObject\",\"inLanguage\":\"pt-BR\",\"@id\":\"https:\/\/www.beyondsoft.com\/br\/#\/schema\/logo\/image\/\",\"url\":\"https:\/\/www.beyondsoft.com\/br\/wp-content\/uploads\/sites\/5\/2024\/03\/cropped-bci-logo.png\",\"contentUrl\":\"https:\/\/www.beyondsoft.com\/br\/wp-content\/uploads\/sites\/5\/2024\/03\/cropped-bci-logo.png\",\"width\":758,\"height\":200,\"caption\":\"Beyondsoft Brasil\"},\"image\":{\"@id\":\"https:\/\/www.beyondsoft.com\/br\/#\/schema\/logo\/image\/\"},\"sameAs\":[\"https:\/\/www.linkedin.com\/company\/beyondsoftbrasil\"]}]}<\/script>\n<!-- \/ Yoast SEO plugin. -->","yoast_head_json":{"title":"Porque a Beyondsoft - Beyondsoft Brasil","description":"Muitos consultores de tecnologia falam sobre a promessa da transforma\u00e7\u00e3o digital, mas poucos a entregam efetivamente. N\u00f3s fazemos. Com milhares de especialistas locais e globais e com dezenas de centros de entrega espalhadas por quatro continentes, temos os recursos, o conhecimento e a experi\u00eancia para apoi\u00e1-lo.","robots":{"index":"index","follow":"follow","max-snippet":"max-snippet:-1","max-image-preview":"max-image-preview:large","max-video-preview":"max-video-preview:-1"},"canonical":"https:\/\/www.beyondsoft.com\/br\/sobre-beyondsoft\/","og_locale":"pt_BR","og_type":"article","og_title":"Porque a Beyondsoft - Beyondsoft Brasil","og_description":"Muitos consultores de tecnologia falam sobre a promessa da transforma\u00e7\u00e3o digital, mas poucos a entregam efetivamente. N\u00f3s fazemos. Com milhares de especialistas locais e globais e com dezenas de centros de entrega espalhadas por quatro continentes, temos os recursos, o conhecimento e a experi\u00eancia para apoi\u00e1-lo.","og_url":"https:\/\/www.beyondsoft.com\/br\/sobre-beyondsoft\/","og_site_name":"Beyondsoft Brasil","article_modified_time":"2026-03-25T15:14:34+00:00","og_image":[{"width":1528,"height":650,"url":"https:\/\/www.beyondsoft.com\/br\/wp-content\/uploads\/sites\/5\/2026\/03\/bg-why-bys.webp","type":"image\/webp"}],"twitter_card":"summary_large_image","twitter_misc":{"Est. tempo de leitura":"3 minutos"},"schema":{"@context":"https:\/\/schema.org","@graph":[{"@type":"WebPage","@id":"https:\/\/www.beyondsoft.com\/br\/sobre-beyondsoft\/","url":"https:\/\/www.beyondsoft.com\/br\/sobre-beyondsoft\/","name":"Porque a Beyondsoft - Beyondsoft Brasil","isPartOf":{"@id":"https:\/\/www.beyondsoft.com\/br\/#website"},"primaryImageOfPage":{"@id":"https:\/\/www.beyondsoft.com\/br\/sobre-beyondsoft\/#primaryimage"},"image":{"@id":"https:\/\/www.beyondsoft.com\/br\/sobre-beyondsoft\/#primaryimage"},"thumbnailUrl":"https:\/\/www.beyondsoft.com\/br\/wp-content\/uploads\/sites\/5\/2026\/03\/bg-why-bys-1024x436.webp","datePublished":"2023-10-30T11:40:27+00:00","dateModified":"2026-03-25T15:14:34+00:00","description":"Muitos consultores de tecnologia falam sobre a promessa da transforma\u00e7\u00e3o digital, mas poucos a entregam efetivamente. N\u00f3s fazemos. Com milhares de especialistas locais e globais e com dezenas de centros de entrega espalhadas por quatro continentes, temos os recursos, o conhecimento e a experi\u00eancia para apoi\u00e1-lo.","breadcrumb":{"@id":"https:\/\/www.beyondsoft.com\/br\/sobre-beyondsoft\/#breadcrumb"},"inLanguage":"pt-BR","potentialAction":[{"@type":"ReadAction","target":["https:\/\/www.beyondsoft.com\/br\/sobre-beyondsoft\/"]}]},{"@type":"ImageObject","inLanguage":"pt-BR","@id":"https:\/\/www.beyondsoft.com\/br\/sobre-beyondsoft\/#primaryimage","url":"https:\/\/www.beyondsoft.com\/br\/wp-content\/uploads\/sites\/5\/2026\/03\/bg-why-bys.webp","contentUrl":"https:\/\/www.beyondsoft.com\/br\/wp-content\/uploads\/sites\/5\/2026\/03\/bg-why-bys.webp","width":1528,"height":650},{"@type":"BreadcrumbList","@id":"https:\/\/www.beyondsoft.com\/br\/sobre-beyondsoft\/#breadcrumb","itemListElement":[{"@type":"ListItem","position":1,"name":"In\u00edcio","item":"https:\/\/www.beyondsoft.com\/br\/"},{"@type":"ListItem","position":2,"name":"Porque a Beyondsoft"}]},{"@type":"WebSite","@id":"https:\/\/www.beyondsoft.com\/br\/#website","url":"https:\/\/www.beyondsoft.com\/br\/","name":"Beyondsoft Brasil","description":"Beyond your expectations","publisher":{"@id":"https:\/\/www.beyondsoft.com\/br\/#organization"},"potentialAction":[{"@type":"SearchAction","target":{"@type":"EntryPoint","urlTemplate":"https:\/\/www.beyondsoft.com\/br\/?s={search_term_string}"},"query-input":{"@type":"PropertyValueSpecification","valueRequired":true,"valueName":"search_term_string"}}],"inLanguage":"pt-BR"},{"@type":"Organization","@id":"https:\/\/www.beyondsoft.com\/br\/#organization","name":"Beyondsoft Brasil","url":"https:\/\/www.beyondsoft.com\/br\/","logo":{"@type":"ImageObject","inLanguage":"pt-BR","@id":"https:\/\/www.beyondsoft.com\/br\/#\/schema\/logo\/image\/","url":"https:\/\/www.beyondsoft.com\/br\/wp-content\/uploads\/sites\/5\/2024\/03\/cropped-bci-logo.png","contentUrl":"https:\/\/www.beyondsoft.com\/br\/wp-content\/uploads\/sites\/5\/2024\/03\/cropped-bci-logo.png","width":758,"height":200,"caption":"Beyondsoft Brasil"},"image":{"@id":"https:\/\/www.beyondsoft.com\/br\/#\/schema\/logo\/image\/"},"sameAs":["https:\/\/www.linkedin.com\/company\/beyondsoftbrasil"]}]}},"_links":{"self":[{"href":"https:\/\/www.beyondsoft.com\/br\/wp-json\/wp\/v2\/pages\/77","targetHints":{"allow":["GET"]}}],"collection":[{"href":"https:\/\/www.beyondsoft.com\/br\/wp-json\/wp\/v2\/pages"}],"about":[{"href":"https:\/\/www.beyondsoft.com\/br\/wp-json\/wp\/v2\/types\/page"}],"author":[{"embeddable":true,"href":"https:\/\/www.beyondsoft.com\/br\/wp-json\/wp\/v2\/users\/61"}],"replies":[{"embeddable":true,"href":"https:\/\/www.beyondsoft.com\/br\/wp-json\/wp\/v2\/comments?post=77"}],"version-history":[{"count":5,"href":"https:\/\/www.beyondsoft.com\/br\/wp-json\/wp\/v2\/pages\/77\/revisions"}],"predecessor-version":[{"id":1046049,"href":"https:\/\/www.beyondsoft.com\/br\/wp-json\/wp\/v2\/pages\/77\/revisions\/1046049"}],"wp:attachment":[{"href":"https:\/\/www.beyondsoft.com\/br\/wp-json\/wp\/v2\/media?parent=77"}],"curies":[{"name":"wp","href":"https:\/\/api.w.org\/{rel}","templated":true}]}}