{"id":370,"date":"2023-11-27T22:42:48","date_gmt":"2023-11-27T22:42:48","guid":{"rendered":"https:\/\/www.beyondsoft.com\/\/?page_id=370"},"modified":"2025-07-18T15:27:01","modified_gmt":"2025-07-18T15:27:01","slug":"%e3%82%b0%e3%83%ad%e3%83%bc%e3%83%90%e3%83%ab%e3%81%aa%e6%8b%a0%e7%82%b9","status":"publish","type":"page","link":"https:\/\/www.beyondsoft.com\/jp\/%e3%82%b0%e3%83%ad%e3%83%bc%e3%83%90%e3%83%ab%e3%81%aa%e6%8b%a0%e7%82%b9\/","title":{"rendered":"\u30b0\u30ed\u30fc\u30d0\u30eb\u306a\u62e0\u70b9"},"content":{"rendered":"\n<ul class=\"global-locations wp-block-list\">\n<li>Head Offices\n<ul class=\"wp-block-list\">\n<li>Global\n<ul class=\"wp-block-list\">\n<li>Singapore: 38 Beach Road #04-12 South Beach Tower Singapore 189767<br>Contact: <a href=\"mailto:info.sg@beyondsoft.com\" target=\"_blank\" rel=\"noreferrer noopener\">info.sg@beyondsoft.com<\/a><\/li>\n<\/ul>\n<\/li>\n\n\n\n<li>Americas\n<ul class=\"wp-block-list\">\n<li>United States: 10700 Northup Way Suite # 120, Bellevue WA 98004<br>Contact:<a href=\"mailto:marketing@us.beyondsoft.com\" target=\"_blank\" rel=\"noreferrer noopener\">marketing@us.beyondsoft.com<\/a><\/li>\n<\/ul>\n<\/li>\n\n\n\n<li>Japan\n<ul class=\"wp-block-list\">\n<li>Japan: 23F, Gate City Ohsaki East Tower ,1-11-2 Ohsaki, Shinagawa-ku, Tokyo<br>Contact: <a href=\"mailto:info.sg@beyondsoft.com\" target=\"_blank\" rel=\"noreferrer noopener\">info.jp@beyondsoft.com<\/a><\/li>\n<\/ul>\n<\/li>\n\n\n\n<li>South Asia\n<ul class=\"wp-block-list\">\n<li>Singapore: 38 Beach Road #04-12 South Beach Tower Singapore 189767<br>Contact: <a href=\"mailto:info.sg@beyondsoft.com\" target=\"_blank\" rel=\"noreferrer noopener\">info.sg@beyondsoft.com<\/a><\/li>\n<\/ul>\n<\/li>\n<\/ul>\n<\/li>\n\n\n\n<li>Asia regional offices\n<ul class=\"wp-block-list\">\n<li>China\n<ul class=\"wp-block-list\">\n<li>Bldg. 7, East Zone, Courtyard #10, Xibeiwang East Road, Haidian District, Beijing 100193 P.R.C.<br>Contact: <a href=\"mailto:info.sg@beyondsoft.com\" target=\"_blank\" rel=\"noreferrer noopener\">info.sg@beyondsoft.com<\/a><\/li>\n<\/ul>\n<\/li>\n\n\n\n<li>Hong Kong\n<ul class=\"wp-block-list\">\n<li>Room 1903, 19\/F, Lee Garden One, 33 Hysan Avenue, Causeway Bay, Hong Kong<br>Contact: <a href=\"mailto:info.sg@beyondsoft.com\" target=\"_blank\" rel=\"noreferrer noopener\">info.sg@beyondsoft.com<\/a><\/li>\n<\/ul>\n<\/li>\n\n\n\n<li>India\n<ul class=\"wp-block-list\">\n<li>B-65, Sector- 63, Noida, State of Uttar Pradesh- 201307, India<br>Contact: <a href=\"mailto:info.sg@beyondsoft.com\" target=\"_blank\" rel=\"noreferrer noopener\">marketing@us.beyondsoft.com<\/a><\/li>\n<\/ul>\n<\/li>\n\n\n\n<li>Indonesia\n<ul class=\"wp-block-list\">\n<li>APL Tower, Lantai 26 Unit T3, Jalan S. Parman Kav. 28, Indonesia<br>Contact: <a href=\"mailto:info.sg@beyondsoft.com\" target=\"_blank\" rel=\"noreferrer noopener\">info.sg@beyondsoft.com<\/a><\/li>\n<\/ul>\n<\/li>\n\n\n\n<li>Malaysia\n<ul class=\"wp-block-list\">\n<li>Unit 6.02, Unit 6.03, Unit 6.03A, Mercu 2, No.3 Jalan Bangsar, KL Eco City 59200 Kuala Lumpur Malaysia<br>Contact: <a href=\"mailto:info.sg@beyondsoft.com\" target=\"_blank\" rel=\"noreferrer noopener\">info.sg@beyondsoft.com<\/a><\/li>\n<\/ul>\n<\/li>\n\n\n\n<li>Philippines\n<ul class=\"wp-block-list\">\n<li>22\/F, Mega Tower, Edsa cor. J. Vargas Avenue, Barangay Wack-Wack<br>Contact: <a href=\"mailto:info.sg@beyondsoft.com\" target=\"_blank\" rel=\"noreferrer noopener\">info.sg@beyondsoft.com<\/a><\/li>\n<\/ul>\n<\/li>\n\n\n\n<li>Taiwan\n<ul class=\"wp-block-list\">\n<li>5F, No.285, Sec.4, ZhongxiaoE.Rd. Daan Dist., Taipei 106 Taiwan (new address)<br>Contact: <a href=\"mailto:info.sg@beyondsoft.com\" target=\"_blank\" rel=\"noreferrer noopener\">info.sg@beyondsoft.com<\/a><\/li>\n<\/ul>\n<\/li>\n\n\n\n<li>Vietnam\n<ul class=\"wp-block-list\">\n<li><strong>3rd Floor, Business Center, No. 258, Nam Ky Khoi Nghia Street, Vo Thi Sau Ward, District 3, Ho Chi Minh City, Vietnam<\/strong><br>Contact: <a href=\"mailto:info.sg@beyondsoft.com\" target=\"_blank\" rel=\"noreferrer noopener\">info.sg@beyondsoft.com<\/a><\/li>\n<\/ul>\n<\/li>\n<\/ul>\n<\/li>\n\n\n\n<li>Americas regional offices\n<ul class=\"wp-block-list\">\n<li>United States\n<ul class=\"wp-block-list\">\n<li>20 N Martingale RD, Suite 150 Schaumburg, IL 60173<br>Contact: <a href=\"mailto:marketing@us.beyondsoft.com\" target=\"_blank\" rel=\"noreferrer noopener\">marketing@us.beyondsoft.com<\/a><\/li>\n<\/ul>\n<\/li>\n\n\n\n<li>\n<ul class=\"wp-block-list\">\n<li>251 W 30th St 317 5th Floor, New York, NY 10001<\/li>\n\n\n\n<li>Contact: <a href=\"mailto:marketing@us.beyondsoft.com\" target=\"_blank\" rel=\"noreferrer noopener\">marketing@us.beyondsoft.com<\/a><\/li>\n<\/ul>\n<\/li>\n\n\n\n<li>Brazil\n<ul class=\"wp-block-list\">\n<li>S\u00e3o Paulo: Rua. Prof. At\u00edlio Innocenti, 165, Vila Nova Concei\u00e7\u00e3o, S\u00e3o Paulo \u2013 SP<br>Contact: <a href=\"mailto:marketing.br@us.beyondsoft.com\" target=\"_blank\" rel=\"noreferrer noopener\">marketing.br@us.beyondsoft.com<\/a><\/li>\n<\/ul>\n<\/li>\n\n\n\n<li>\n<ul class=\"wp-block-list\">\n<li>Rio de Janeiro: Av. Oscar Niemeyer, 2000,  Santo Cristo, Rio de Janeiro &#8211; RJ<\/li>\n\n\n\n<li>Contact: <a href=\"mailto:marketing.br@us.beyondsoft.com\" target=\"_blank\" rel=\"noreferrer noopener\">marketing.br@us.beyondsoft.com<\/a><\/li>\n<\/ul>\n<\/li>\n\n\n\n<li>Costa Rica\n<ul class=\"wp-block-list\">\n<li>WeWork Plaza Real Cariari, cruce de San Antonio de Bel\u00e9n, sobre la autopista General Ca\u00f1as ciento once, oficina n\u00famero 04-109. Heredia, Costa Rica<br>Contact: <a href=\"mailto:marketing@us.beyondsoft.com\" target=\"_blank\" rel=\"noreferrer noopener\">marketing@us.beyondsoft.com<\/a><\/li>\n<\/ul>\n<\/li>\n\n\n\n<li><\/li>\n<\/ul>\n<\/li>\n\n\n\n<li>Europe regional offices\n<ul class=\"wp-block-list\">\n<li>Spain\n<ul class=\"wp-block-list\">\n<li>Avenida Can Fatjo del Aurons N\u00ba 3, San Cugat del Valles (Barcelona)<br>Contact: <a href=\"mailto:info.sg@beyondsoft.com\" target=\"_blank\" rel=\"noreferrer noopener\">info.sg@beyondsoft.com<\/a><\/li>\n<\/ul>\n<\/li>\n\n\n\n<li>United Kingdom\n<ul class=\"wp-block-list\">\n<li>New Penderel House 4th Floor, 283-288, High Holborn, London, United Kingdom WC1V 7HP<br>Contact: <a href=\"mailto:marketing@us.beyondsoft.com\" target=\"_blank\" rel=\"noreferrer noopener\">marketing@us.beyondsoft.com<\/a><\/li>\n<\/ul>\n<\/li>\n<\/ul>\n<\/li>\n<\/ul>\n\n\n\n<div style=\"height:60px\" aria-hidden=\"true\" class=\"wp-block-spacer\"><\/div>\n\n\n\n<div class=\"wp-block-buttons is-layout-flex wp-block-buttons-is-layout-flex\">\n<div class=\"wp-block-button\"><a class=\"wp-block-button__link wp-element-button\" href=\"https:\/\/www.beyondsoft.com\/jp\/wp-content\/uploads\/2024\/01\/Global-Delivery-Centers-Jan-2024.pdf\">\u4e16\u754c\u5404\u5730\u306e\u30c7\u30ea\u30d0\u30ea\u30fc\u30bb\u30f3\u30bf\u30fc\u306e\u30ea\u30b9\u30c8\u3092\u3054\u89a7\u304f\u3060\u3055\u3044<\/a><\/div>\n<\/div>\n","protected":false},"excerpt":{"rendered":"","protected":false},"author":89,"featured_media":0,"parent":0,"menu_order":0,"comment_status":"closed","ping_status":"closed","template":"","meta":{"footnotes":"","_links_to":"","_links_to_target":""},"class_list":["post-370","page","type-page","status-publish","hentry"],"acf":[],"yoast_head":"<!-- This site is optimized with the Yoast SEO plugin v27.2 - https:\/\/yoast.com\/product\/yoast-seo-wordpress\/ -->\n<title>\u30b0\u30ed\u30fc\u30d0\u30eb\u306a\u62e0\u70b9 - IT Solutions Company Japan | Beyondsoft<\/title>\n<meta name=\"description\" content=\"Global Locations\" \/>\n<meta name=\"robots\" content=\"index, follow, max-snippet:-1, max-image-preview:large, max-video-preview:-1\" \/>\n<link rel=\"canonical\" href=\"https:\/\/www.beyondsoft.com\/jp\/\u30b0\u30ed\u30fc\u30d0\u30eb\u306a\u62e0\u70b9\/\" \/>\n<meta property=\"og:locale\" content=\"ja_JP\" \/>\n<meta property=\"og:type\" content=\"article\" \/>\n<meta property=\"og:title\" content=\"\u30b0\u30ed\u30fc\u30d0\u30eb\u306a\u62e0\u70b9 - IT Solutions Company Japan | Beyondsoft\" \/>\n<meta property=\"og:description\" content=\"Global Locations\" \/>\n<meta property=\"og:url\" content=\"https:\/\/www.beyondsoft.com\/jp\/\u30b0\u30ed\u30fc\u30d0\u30eb\u306a\u62e0\u70b9\/\" \/>\n<meta property=\"og:site_name\" content=\"IT Solutions Company Japan | Beyondsoft\" \/>\n<meta property=\"article:modified_time\" content=\"2025-07-18T15:27:01+00:00\" \/>\n<meta name=\"twitter:card\" content=\"summary_large_image\" \/>\n<meta name=\"twitter:label1\" content=\"\u63a8\u5b9a\u8aad\u307f\u53d6\u308a\u6642\u9593\" \/>\n\t<meta name=\"twitter:data1\" content=\"2\u5206\" \/>\n<script type=\"application\/ld+json\" class=\"yoast-schema-graph\">{\"@context\":\"https:\/\/schema.org\",\"@graph\":[{\"@type\":\"WebPage\",\"@id\":\"https:\/\/www.beyondsoft.com\/jp\/%e3%82%b0%e3%83%ad%e3%83%bc%e3%83%90%e3%83%ab%e3%81%aa%e6%8b%a0%e7%82%b9\/\",\"url\":\"https:\/\/www.beyondsoft.com\/jp\/%e3%82%b0%e3%83%ad%e3%83%bc%e3%83%90%e3%83%ab%e3%81%aa%e6%8b%a0%e7%82%b9\/\",\"name\":\"\u30b0\u30ed\u30fc\u30d0\u30eb\u306a\u62e0\u70b9 - IT Solutions Company Japan | Beyondsoft\",\"isPartOf\":{\"@id\":\"https:\/\/www.beyondsoft.com\/jp\/#website\"},\"datePublished\":\"2023-11-27T22:42:48+00:00\",\"dateModified\":\"2025-07-18T15:27:01+00:00\",\"description\":\"Global Locations\",\"breadcrumb\":{\"@id\":\"https:\/\/www.beyondsoft.com\/jp\/%e3%82%b0%e3%83%ad%e3%83%bc%e3%83%90%e3%83%ab%e3%81%aa%e6%8b%a0%e7%82%b9\/#breadcrumb\"},\"inLanguage\":\"ja\",\"potentialAction\":[{\"@type\":\"ReadAction\",\"target\":[\"https:\/\/www.beyondsoft.com\/jp\/%e3%82%b0%e3%83%ad%e3%83%bc%e3%83%90%e3%83%ab%e3%81%aa%e6%8b%a0%e7%82%b9\/\"]}]},{\"@type\":\"BreadcrumbList\",\"@id\":\"https:\/\/www.beyondsoft.com\/jp\/%e3%82%b0%e3%83%ad%e3%83%bc%e3%83%90%e3%83%ab%e3%81%aa%e6%8b%a0%e7%82%b9\/#breadcrumb\",\"itemListElement\":[{\"@type\":\"ListItem\",\"position\":1,\"name\":\"Home\",\"item\":\"https:\/\/www.beyondsoft.com\/jp\/\"},{\"@type\":\"ListItem\",\"position\":2,\"name\":\"\u30b0\u30ed\u30fc\u30d0\u30eb\u306a\u62e0\u70b9\"}]},{\"@type\":\"WebSite\",\"@id\":\"https:\/\/www.beyondsoft.com\/jp\/#website\",\"url\":\"https:\/\/www.beyondsoft.com\/jp\/\",\"name\":\"IT Solutions Company Japan | Beyondsoft\",\"description\":\"\",\"publisher\":{\"@id\":\"https:\/\/www.beyondsoft.com\/jp\/#organization\"},\"potentialAction\":[{\"@type\":\"SearchAction\",\"target\":{\"@type\":\"EntryPoint\",\"urlTemplate\":\"https:\/\/www.beyondsoft.com\/jp\/?s={search_term_string}\"},\"query-input\":{\"@type\":\"PropertyValueSpecification\",\"valueRequired\":true,\"valueName\":\"search_term_string\"}}],\"inLanguage\":\"ja\"},{\"@type\":\"Organization\",\"@id\":\"https:\/\/www.beyondsoft.com\/jp\/#organization\",\"name\":\"IT Solutions Company Japan | Beyondsoft\",\"url\":\"https:\/\/www.beyondsoft.com\/jp\/\",\"logo\":{\"@type\":\"ImageObject\",\"inLanguage\":\"ja\",\"@id\":\"https:\/\/www.beyondsoft.com\/jp\/#\/schema\/logo\/image\/\",\"url\":\"https:\/\/www.beyondsoft.com\/jp\/wp-content\/uploads\/sites\/4\/2023\/12\/logo-1.webp\",\"contentUrl\":\"https:\/\/www.beyondsoft.com\/jp\/wp-content\/uploads\/sites\/4\/2023\/12\/logo-1.webp\",\"width\":251,\"height\":66,\"caption\":\"IT Solutions Company Japan | Beyondsoft\"},\"image\":{\"@id\":\"https:\/\/www.beyondsoft.com\/jp\/#\/schema\/logo\/image\/\"}}]}<\/script>\n<!-- \/ Yoast SEO plugin. -->","yoast_head_json":{"title":"\u30b0\u30ed\u30fc\u30d0\u30eb\u306a\u62e0\u70b9 - IT Solutions Company Japan | Beyondsoft","description":"Global Locations","robots":{"index":"index","follow":"follow","max-snippet":"max-snippet:-1","max-image-preview":"max-image-preview:large","max-video-preview":"max-video-preview:-1"},"canonical":"https:\/\/www.beyondsoft.com\/jp\/\u30b0\u30ed\u30fc\u30d0\u30eb\u306a\u62e0\u70b9\/","og_locale":"ja_JP","og_type":"article","og_title":"\u30b0\u30ed\u30fc\u30d0\u30eb\u306a\u62e0\u70b9 - IT Solutions Company Japan | Beyondsoft","og_description":"Global Locations","og_url":"https:\/\/www.beyondsoft.com\/jp\/\u30b0\u30ed\u30fc\u30d0\u30eb\u306a\u62e0\u70b9\/","og_site_name":"IT Solutions Company Japan | Beyondsoft","article_modified_time":"2025-07-18T15:27:01+00:00","twitter_card":"summary_large_image","twitter_misc":{"\u63a8\u5b9a\u8aad\u307f\u53d6\u308a\u6642\u9593":"2\u5206"},"schema":{"@context":"https:\/\/schema.org","@graph":[{"@type":"WebPage","@id":"https:\/\/www.beyondsoft.com\/jp\/%e3%82%b0%e3%83%ad%e3%83%bc%e3%83%90%e3%83%ab%e3%81%aa%e6%8b%a0%e7%82%b9\/","url":"https:\/\/www.beyondsoft.com\/jp\/%e3%82%b0%e3%83%ad%e3%83%bc%e3%83%90%e3%83%ab%e3%81%aa%e6%8b%a0%e7%82%b9\/","name":"\u30b0\u30ed\u30fc\u30d0\u30eb\u306a\u62e0\u70b9 - IT Solutions Company Japan | Beyondsoft","isPartOf":{"@id":"https:\/\/www.beyondsoft.com\/jp\/#website"},"datePublished":"2023-11-27T22:42:48+00:00","dateModified":"2025-07-18T15:27:01+00:00","description":"Global Locations","breadcrumb":{"@id":"https:\/\/www.beyondsoft.com\/jp\/%e3%82%b0%e3%83%ad%e3%83%bc%e3%83%90%e3%83%ab%e3%81%aa%e6%8b%a0%e7%82%b9\/#breadcrumb"},"inLanguage":"ja","potentialAction":[{"@type":"ReadAction","target":["https:\/\/www.beyondsoft.com\/jp\/%e3%82%b0%e3%83%ad%e3%83%bc%e3%83%90%e3%83%ab%e3%81%aa%e6%8b%a0%e7%82%b9\/"]}]},{"@type":"BreadcrumbList","@id":"https:\/\/www.beyondsoft.com\/jp\/%e3%82%b0%e3%83%ad%e3%83%bc%e3%83%90%e3%83%ab%e3%81%aa%e6%8b%a0%e7%82%b9\/#breadcrumb","itemListElement":[{"@type":"ListItem","position":1,"name":"Home","item":"https:\/\/www.beyondsoft.com\/jp\/"},{"@type":"ListItem","position":2,"name":"\u30b0\u30ed\u30fc\u30d0\u30eb\u306a\u62e0\u70b9"}]},{"@type":"WebSite","@id":"https:\/\/www.beyondsoft.com\/jp\/#website","url":"https:\/\/www.beyondsoft.com\/jp\/","name":"IT Solutions Company Japan | Beyondsoft","description":"","publisher":{"@id":"https:\/\/www.beyondsoft.com\/jp\/#organization"},"potentialAction":[{"@type":"SearchAction","target":{"@type":"EntryPoint","urlTemplate":"https:\/\/www.beyondsoft.com\/jp\/?s={search_term_string}"},"query-input":{"@type":"PropertyValueSpecification","valueRequired":true,"valueName":"search_term_string"}}],"inLanguage":"ja"},{"@type":"Organization","@id":"https:\/\/www.beyondsoft.com\/jp\/#organization","name":"IT Solutions Company Japan | Beyondsoft","url":"https:\/\/www.beyondsoft.com\/jp\/","logo":{"@type":"ImageObject","inLanguage":"ja","@id":"https:\/\/www.beyondsoft.com\/jp\/#\/schema\/logo\/image\/","url":"https:\/\/www.beyondsoft.com\/jp\/wp-content\/uploads\/sites\/4\/2023\/12\/logo-1.webp","contentUrl":"https:\/\/www.beyondsoft.com\/jp\/wp-content\/uploads\/sites\/4\/2023\/12\/logo-1.webp","width":251,"height":66,"caption":"IT Solutions Company Japan | Beyondsoft"},"image":{"@id":"https:\/\/www.beyondsoft.com\/jp\/#\/schema\/logo\/image\/"}}]}},"_links":{"self":[{"href":"https:\/\/www.beyondsoft.com\/jp\/wp-json\/wp\/v2\/pages\/370","targetHints":{"allow":["GET"]}}],"collection":[{"href":"https:\/\/www.beyondsoft.com\/jp\/wp-json\/wp\/v2\/pages"}],"about":[{"href":"https:\/\/www.beyondsoft.com\/jp\/wp-json\/wp\/v2\/types\/page"}],"author":[{"embeddable":true,"href":"https:\/\/www.beyondsoft.com\/jp\/wp-json\/wp\/v2\/users\/89"}],"replies":[{"embeddable":true,"href":"https:\/\/www.beyondsoft.com\/jp\/wp-json\/wp\/v2\/comments?post=370"}],"version-history":[{"count":1,"href":"https:\/\/www.beyondsoft.com\/jp\/wp-json\/wp\/v2\/pages\/370\/revisions"}],"predecessor-version":[{"id":1045718,"href":"https:\/\/www.beyondsoft.com\/jp\/wp-json\/wp\/v2\/pages\/370\/revisions\/1045718"}],"wp:attachment":[{"href":"https:\/\/www.beyondsoft.com\/jp\/wp-json\/wp\/v2\/media?parent=370"}],"curies":[{"name":"wp","href":"https:\/\/api.w.org\/{rel}","templated":true}]}}