{"id":370,"date":"2023-11-27T22:42:48","date_gmt":"2023-11-27T22:42:48","guid":{"rendered":"https:\/\/www.beyondsoft.com\/\/?page_id=370"},"modified":"2026-03-17T20:45:12","modified_gmt":"2026-03-17T20:45:12","slug":"global-locations","status":"publish","type":"page","link":"https:\/\/www.beyondsoft.com\/sg\/global-locations\/","title":{"rendered":"Global Locations"},"content":{"rendered":"\n<ul class=\"wp-block-list global-locations\">\n<li>Head Offices\n<ul class=\"wp-block-list\">\n<li>Global\n<ul class=\"wp-block-list\">\n<li>Singapore: 38 Beach Road, #20-11, South Beach Tower, Singapore 189767<br>Contact: <a href=\"mailto:info.sg@beyondsoft.com\" target=\"_blank\" rel=\"noreferrer noopener\">info.sg@beyondsoft.com<\/a><\/li>\n<\/ul>\n<\/li>\n\n\n\n<li>Americas\n<ul class=\"wp-block-list\">\n<li>United States: 2010 156th Avenue NE, #301 Bellevue, Washington 98007<br>Contact: <a href=\"mailto:marketing@us.beyondsoft.com\" target=\"_blank\" rel=\"noreferrer noopener\">marketing@us.beyondsoft.com<\/a><\/li>\n<\/ul>\n<\/li>\n\n\n\n<li>Japan\n<ul class=\"wp-block-list\">\n<li>Japan: 23F, Gate City Ohsaki East Tower ,1-11-2 Ohsaki, Shinagawa-ku, Tokyo<br>Contact: <a href=\"mailto:info.sg@beyondsoft.com\" target=\"_blank\" rel=\"noreferrer noopener\">info.jp@beyondsoft.com<\/a><\/li>\n<\/ul>\n<\/li>\n\n\n\n<li>South Asia\n<ul class=\"wp-block-list\">\n<li>Singapore: 38 Beach Road, #20-11, South Beach Tower, Singapore 189767<br>Contact: <a href=\"mailto:info.sg@beyondsoft.com\" target=\"_blank\" rel=\"noreferrer noopener\">info.sg@beyondsoft.com<\/a><\/li>\n<\/ul>\n<\/li>\n<\/ul>\n<\/li>\n\n\n\n<li>Asia regional offices\n<ul class=\"wp-block-list\">\n<li>China\n<ul class=\"wp-block-list\">\n<li>Bldg. 7, East Zone, Courtyard #10, Xibeiwang East Road, Haidian District, Beijing 100193 P.R.C.<br>Contact: <a href=\"mailto:info.sg@beyondsoft.com\" target=\"_blank\" rel=\"noreferrer noopener\">info.sg@beyondsoft.com<\/a><\/li>\n<\/ul>\n<\/li>\n\n\n\n<li>Hong Kong\n<ul class=\"wp-block-list\">\n<li>Room 1903, 19\/F, Lee Garden One, 33 Hysan Avenue, Causeway Bay, Hong Kong<br>Contact: <a href=\"mailto:info.sg@beyondsoft.com\" target=\"_blank\" rel=\"noreferrer noopener\">info.sg@beyondsoft.com<\/a><\/li>\n<\/ul>\n<\/li>\n\n\n\n<li>India\n<ul class=\"wp-block-list\">\n<li>Office No. B-372, 7<sup>th<\/sup> Floor, Tower B, The Corenthum, Sector 62, Noida, Uttar Pradesh \u2013 201301, India<br>Contact: <a href=\"mailto:info.sg@beyondsoft.com\" target=\"_blank\" rel=\"noreferrer noopener\">marketing@us.beyondsoft.com<\/a><\/li>\n<\/ul>\n<\/li>\n\n\n\n<li>Indonesia\n<ul class=\"wp-block-list\">\n<li>APL Tower, Lantai 26 Unit T3, Jalan S. Parman Kav. 28, Indonesia<br>Contact: <a href=\"mailto:info.sg@beyondsoft.com\" target=\"_blank\" rel=\"noreferrer noopener\">info.sg@beyondsoft.com<\/a><\/li>\n<\/ul>\n<\/li>\n\n\n\n<li>Malaysia\n<ul class=\"wp-block-list\">\n<li>Unit 6.02, Unit 6.03, Unit 6.03A, Mercu 2, No.3 Jalan Bangsar, KL Eco City 59200 Kuala Lumpur Malaysia<br>Contact: <a href=\"mailto:info.sg@beyondsoft.com\" target=\"_blank\" rel=\"noreferrer noopener\">info.sg@beyondsoft.com<\/a><\/li>\n<\/ul>\n<\/li>\n\n\n\n<li>Philippines\n<ul class=\"wp-block-list\">\n<li>22\/F, Mega Tower, Edsa cor. J. Vargas Avenue, Barangay Wack-Wack<br>Contact: <a href=\"mailto:info.sg@beyondsoft.com\" target=\"_blank\" rel=\"noreferrer noopener\">info.sg@beyondsoft.com<\/a><\/li>\n<\/ul>\n<\/li>\n\n\n\n<li>Taiwan\n<ul class=\"wp-block-list\">\n<li>5F, No.285, Sec.4, ZhongxiaoE.Rd. Daan Dist., Taipei 106 Taiwan (new address)<br>Contact: <a href=\"mailto:info.sg@beyondsoft.com\" target=\"_blank\" rel=\"noreferrer noopener\">info.sg@beyondsoft.com<\/a><\/li>\n<\/ul>\n<\/li>\n\n\n\n<li>Vietnam\n<ul class=\"wp-block-list\">\n<li>3rd Floor, Business Center, No. 258, Nam Ky Khoi Nghia Street, Vo Thi Sau Ward, District 3, Ho Chi Minh City, Vietnam<br>Contact: <a href=\"mailto:info.sg@beyondsoft.com\" target=\"_blank\" rel=\"noreferrer noopener\">info.sg@beyondsoft.com<\/a><\/li>\n<\/ul>\n<\/li>\n\n\n\n<li>\n<ul class=\"wp-block-list\">\n<li>No 21, Duy Tan Street, Dich Vong Hau Ward, Cau Giay District, Ha Noi City, Vietnam<br>Contact:&nbsp;<a href=\"mailto:info.sg@beyondsoft.com\" target=\"_blank\" rel=\"noreferrer noopener\">info.sg@beyondsoft.com<\/a><\/li>\n\n\n\n<li><\/li>\n<\/ul>\n<\/li>\n<\/ul>\n<\/li>\n\n\n\n<li>Americas regional offices\n<ul class=\"wp-block-list\">\n<li>United States\n<ul class=\"wp-block-list\">\n<li>20 N Martingale RD, Suite 150 Schaumburg, IL 60173<br>Contact: <a href=\"mailto:marketing@us.beyondsoft.com\" target=\"_blank\" rel=\"noreferrer noopener\">marketing@us.beyondsoft.com<\/a><\/li>\n<\/ul>\n<\/li>\n\n\n\n<li>Brazil\n<ul class=\"wp-block-list\">\n<li>S\u00e3o Paulo: Av. Pres. Juscelino Kubitschek, 2041 \u2013 Torre B, 5\u00ba Andar, Vila Ol\u00edmpia, S\u00e3o Paulo \u2013 SP, 04543-011<br>Contact: <a href=\"mailto:marketing.br@us.beyondsoft.com\" target=\"_blank\" rel=\"noreferrer noopener\">marketing.br@us.beyondsoft.com<\/a><\/li>\n<\/ul>\n<\/li>\n\n\n\n<li>\n<ul class=\"wp-block-list\">\n<li>Rio de Janeiro: Av. Oscar Niemeyer, 2000, Santo Cristo, Rio de Janeiro \u2013 RJ, 20220-325<\/li>\n\n\n\n<li>Contact: <a href=\"mailto:marketing.br@us.beyondsoft.com\" target=\"_blank\" rel=\"noreferrer noopener\">marketing.br@us.beyondsoft.com<\/a><\/li>\n<\/ul>\n<\/li>\n\n\n\n<li>Costa Rica\n<ul class=\"wp-block-list\">\n<li>WeWork Plaza Real Cariari, cruce de San Antonio de Bel\u00e9n, sobre la autopista General Ca\u00f1as ciento once, oficina n\u00famero 04-109. Heredia, Costa Rica<br>Contact: <a href=\"mailto:marketing@us.beyondsoft.com\" target=\"_blank\" rel=\"noreferrer noopener\">marketing@us.beyondsoft.com<\/a><\/li>\n<\/ul>\n<\/li>\n\n\n\n<li><\/li>\n<\/ul>\n<\/li>\n\n\n\n<li>Europe regional offices\n<ul class=\"wp-block-list\">\n<li>Spain\n<ul class=\"wp-block-list\">\n<li>Avenida Can Fatjo del Aurons N\u00ba 3, San Cugat del Valles (Barcelona)<br>Contact: <a href=\"mailto:info.sg@beyondsoft.com\" target=\"_blank\" rel=\"noreferrer noopener\">info.sg@beyondsoft.com<\/a><\/li>\n<\/ul>\n<\/li>\n\n\n\n<li>United Kingdom\n<ul class=\"wp-block-list\">\n<li>New Penderel House 4th Floor, 283-288, High Holborn, London, United Kingdom WC1V 7HP<br>Contact: <a href=\"mailto:marketing@us.beyondsoft.com\" target=\"_blank\" rel=\"noreferrer noopener\">marketing@us.beyondsoft.com<\/a><\/li>\n<\/ul>\n<\/li>\n<\/ul>\n<\/li>\n<\/ul>\n\n\n\n<div style=\"height:60px\" aria-hidden=\"true\" class=\"wp-block-spacer\"><\/div>\n\n\n\n<div class=\"wp-block-buttons is-layout-flex wp-block-buttons-is-layout-flex\"><\/div>\n","protected":false},"excerpt":{"rendered":"","protected":false},"author":61,"featured_media":0,"parent":0,"menu_order":0,"comment_status":"closed","ping_status":"closed","template":"","meta":{"footnotes":""},"class_list":["post-370","page","type-page","status-publish","hentry"],"yoast_head":"<!-- This site is optimized with the Yoast SEO plugin v27.2 - https:\/\/yoast.com\/product\/yoast-seo-wordpress\/ -->\n<title>Global Locations - Beyondsoft<\/title>\n<meta name=\"robots\" content=\"index, follow, max-snippet:-1, max-image-preview:large, max-video-preview:-1\" \/>\n<link rel=\"canonical\" href=\"https:\/\/www.beyondsoft.com\/sg\/global-locations\/\" \/>\n<meta property=\"og:locale\" content=\"en_US\" \/>\n<meta property=\"og:type\" content=\"article\" \/>\n<meta property=\"og:title\" content=\"Global Locations - Beyondsoft\" \/>\n<meta property=\"og:url\" content=\"https:\/\/www.beyondsoft.com\/sg\/global-locations\/\" \/>\n<meta property=\"og:site_name\" content=\"Beyondsoft\" \/>\n<meta property=\"article:modified_time\" content=\"2026-03-17T20:45:12+00:00\" \/>\n<meta name=\"twitter:card\" content=\"summary_large_image\" \/>\n<meta name=\"twitter:label1\" content=\"Est. reading time\" \/>\n\t<meta name=\"twitter:data1\" content=\"2 minutes\" \/>\n<script type=\"application\/ld+json\" class=\"yoast-schema-graph\">{\"@context\":\"https:\/\/schema.org\",\"@graph\":[{\"@type\":\"WebPage\",\"@id\":\"https:\/\/www.beyondsoft.com\/sg\/global-locations\/\",\"url\":\"https:\/\/www.beyondsoft.com\/sg\/global-locations\/\",\"name\":\"Global Locations - Beyondsoft\",\"isPartOf\":{\"@id\":\"https:\/\/www.beyondsoft.com\/sg\/#website\"},\"datePublished\":\"2023-11-27T22:42:48+00:00\",\"dateModified\":\"2026-03-17T20:45:12+00:00\",\"breadcrumb\":{\"@id\":\"https:\/\/www.beyondsoft.com\/sg\/global-locations\/#breadcrumb\"},\"inLanguage\":\"en-US\",\"potentialAction\":[{\"@type\":\"ReadAction\",\"target\":[\"https:\/\/www.beyondsoft.com\/sg\/global-locations\/\"]}]},{\"@type\":\"BreadcrumbList\",\"@id\":\"https:\/\/www.beyondsoft.com\/sg\/global-locations\/#breadcrumb\",\"itemListElement\":[{\"@type\":\"ListItem\",\"position\":1,\"name\":\"Home\",\"item\":\"https:\/\/www.beyondsoft.com\/sg\/\"},{\"@type\":\"ListItem\",\"position\":2,\"name\":\"Global Locations\"}]},{\"@type\":\"WebSite\",\"@id\":\"https:\/\/www.beyondsoft.com\/sg\/#website\",\"url\":\"https:\/\/www.beyondsoft.com\/sg\/\",\"name\":\"Beyondsoft\",\"description\":\"Choose Beyondsoft for comprehensive business and IT services\",\"publisher\":{\"@id\":\"https:\/\/www.beyondsoft.com\/sg\/#organization\"},\"potentialAction\":[{\"@type\":\"SearchAction\",\"target\":{\"@type\":\"EntryPoint\",\"urlTemplate\":\"https:\/\/www.beyondsoft.com\/sg\/?s={search_term_string}\"},\"query-input\":{\"@type\":\"PropertyValueSpecification\",\"valueRequired\":true,\"valueName\":\"search_term_string\"}}],\"inLanguage\":\"en-US\"},{\"@type\":\"Organization\",\"@id\":\"https:\/\/www.beyondsoft.com\/sg\/#organization\",\"name\":\"Beyondsoft\",\"url\":\"https:\/\/www.beyondsoft.com\/sg\/\",\"logo\":{\"@type\":\"ImageObject\",\"inLanguage\":\"en-US\",\"@id\":\"https:\/\/www.beyondsoft.com\/sg\/#\/schema\/logo\/image\/\",\"url\":\"https:\/\/www.beyondsoft.com\/sg\/wp-content\/uploads\/sites\/6\/2024\/03\/cropped-bci-logo.png\",\"contentUrl\":\"https:\/\/www.beyondsoft.com\/sg\/wp-content\/uploads\/sites\/6\/2024\/03\/cropped-bci-logo.png\",\"width\":757,\"height\":201,\"caption\":\"Beyondsoft\"},\"image\":{\"@id\":\"https:\/\/www.beyondsoft.com\/sg\/#\/schema\/logo\/image\/\"}}]}<\/script>\n<!-- \/ Yoast SEO plugin. -->","yoast_head_json":{"title":"Global Locations - Beyondsoft","robots":{"index":"index","follow":"follow","max-snippet":"max-snippet:-1","max-image-preview":"max-image-preview:large","max-video-preview":"max-video-preview:-1"},"canonical":"https:\/\/www.beyondsoft.com\/sg\/global-locations\/","og_locale":"en_US","og_type":"article","og_title":"Global Locations - Beyondsoft","og_url":"https:\/\/www.beyondsoft.com\/sg\/global-locations\/","og_site_name":"Beyondsoft","article_modified_time":"2026-03-17T20:45:12+00:00","twitter_card":"summary_large_image","twitter_misc":{"Est. reading time":"2 minutes"},"schema":{"@context":"https:\/\/schema.org","@graph":[{"@type":"WebPage","@id":"https:\/\/www.beyondsoft.com\/sg\/global-locations\/","url":"https:\/\/www.beyondsoft.com\/sg\/global-locations\/","name":"Global Locations - Beyondsoft","isPartOf":{"@id":"https:\/\/www.beyondsoft.com\/sg\/#website"},"datePublished":"2023-11-27T22:42:48+00:00","dateModified":"2026-03-17T20:45:12+00:00","breadcrumb":{"@id":"https:\/\/www.beyondsoft.com\/sg\/global-locations\/#breadcrumb"},"inLanguage":"en-US","potentialAction":[{"@type":"ReadAction","target":["https:\/\/www.beyondsoft.com\/sg\/global-locations\/"]}]},{"@type":"BreadcrumbList","@id":"https:\/\/www.beyondsoft.com\/sg\/global-locations\/#breadcrumb","itemListElement":[{"@type":"ListItem","position":1,"name":"Home","item":"https:\/\/www.beyondsoft.com\/sg\/"},{"@type":"ListItem","position":2,"name":"Global Locations"}]},{"@type":"WebSite","@id":"https:\/\/www.beyondsoft.com\/sg\/#website","url":"https:\/\/www.beyondsoft.com\/sg\/","name":"Beyondsoft","description":"Choose Beyondsoft for comprehensive business and IT services","publisher":{"@id":"https:\/\/www.beyondsoft.com\/sg\/#organization"},"potentialAction":[{"@type":"SearchAction","target":{"@type":"EntryPoint","urlTemplate":"https:\/\/www.beyondsoft.com\/sg\/?s={search_term_string}"},"query-input":{"@type":"PropertyValueSpecification","valueRequired":true,"valueName":"search_term_string"}}],"inLanguage":"en-US"},{"@type":"Organization","@id":"https:\/\/www.beyondsoft.com\/sg\/#organization","name":"Beyondsoft","url":"https:\/\/www.beyondsoft.com\/sg\/","logo":{"@type":"ImageObject","inLanguage":"en-US","@id":"https:\/\/www.beyondsoft.com\/sg\/#\/schema\/logo\/image\/","url":"https:\/\/www.beyondsoft.com\/sg\/wp-content\/uploads\/sites\/6\/2024\/03\/cropped-bci-logo.png","contentUrl":"https:\/\/www.beyondsoft.com\/sg\/wp-content\/uploads\/sites\/6\/2024\/03\/cropped-bci-logo.png","width":757,"height":201,"caption":"Beyondsoft"},"image":{"@id":"https:\/\/www.beyondsoft.com\/sg\/#\/schema\/logo\/image\/"}}]}},"_links":{"self":[{"href":"https:\/\/www.beyondsoft.com\/sg\/wp-json\/wp\/v2\/pages\/370","targetHints":{"allow":["GET"]}}],"collection":[{"href":"https:\/\/www.beyondsoft.com\/sg\/wp-json\/wp\/v2\/pages"}],"about":[{"href":"https:\/\/www.beyondsoft.com\/sg\/wp-json\/wp\/v2\/types\/page"}],"author":[{"embeddable":true,"href":"https:\/\/www.beyondsoft.com\/sg\/wp-json\/wp\/v2\/users\/61"}],"replies":[{"embeddable":true,"href":"https:\/\/www.beyondsoft.com\/sg\/wp-json\/wp\/v2\/comments?post=370"}],"version-history":[{"count":37,"href":"https:\/\/www.beyondsoft.com\/sg\/wp-json\/wp\/v2\/pages\/370\/revisions"}],"predecessor-version":[{"id":1045066,"href":"https:\/\/www.beyondsoft.com\/sg\/wp-json\/wp\/v2\/pages\/370\/revisions\/1045066"}],"wp:attachment":[{"href":"https:\/\/www.beyondsoft.com\/sg\/wp-json\/wp\/v2\/media?parent=370"}],"curies":[{"name":"wp","href":"https:\/\/api.w.org\/{rel}","templated":true}]}}